{"id":916,"date":"2019-04-25T17:34:27","date_gmt":"2019-04-25T17:34:27","guid":{"rendered":"http:\/\/www.svazspedice.cz\/?page_id=916"},"modified":"2019-04-25T17:34:27","modified_gmt":"2019-04-25T17:34:27","slug":"mlady-spediter","status":"publish","type":"page","link":"https:\/\/www.svazspedice.cz\/index.php\/mlady-spediter\/","title":{"rendered":"Mlad\u00fd spedit\u00e9r"},"content":{"rendered":"<h2>Mlad\u00fd spedit\u00e9r<\/h2>\n\n\n<ul class=\"wp-block-gallery columns-2 is-cropped\"><li class=\"blocks-gallery-item\"><figure><img loading=\"lazy\" width=\"1024\" height=\"768\" src=\"http:\/\/www.svazspedice.cz\/wp-content\/uploads\/2019\/04\/7516791-1024x768.jpg\" alt=\"\" data-id=\"917\" data-link=\"http:\/\/www.svazspedice.cz\/?attachment_id=917#main\" class=\"wp-image-917\" srcset=\"https:\/\/www.svazspedice.cz\/wp-content\/uploads\/2019\/04\/7516791-1024x768.jpg 1024w, https:\/\/www.svazspedice.cz\/wp-content\/uploads\/2019\/04\/7516791-300x225.jpg 300w, https:\/\/www.svazspedice.cz\/wp-content\/uploads\/2019\/04\/7516791-768x576.jpg 768w, https:\/\/www.svazspedice.cz\/wp-content\/uploads\/2019\/04\/7516791.jpg 1066w\" sizes=\"(max-width: 1024px) 100vw, 1024px\" \/><\/figure><\/li><li class=\"blocks-gallery-item\"><figure><img loading=\"lazy\" width=\"1024\" height=\"768\" src=\"http:\/\/www.svazspedice.cz\/wp-content\/uploads\/2019\/04\/7522142-1024x768.jpg\" alt=\"\" data-id=\"918\" data-link=\"http:\/\/www.svazspedice.cz\/?attachment_id=918#main\" class=\"wp-image-918\" srcset=\"https:\/\/www.svazspedice.cz\/wp-content\/uploads\/2019\/04\/7522142-1024x768.jpg 1024w, https:\/\/www.svazspedice.cz\/wp-content\/uploads\/2019\/04\/7522142-300x225.jpg 300w, https:\/\/www.svazspedice.cz\/wp-content\/uploads\/2019\/04\/7522142-768x576.jpg 768w, https:\/\/www.svazspedice.cz\/wp-content\/uploads\/2019\/04\/7522142.jpg 1066w\" sizes=\"(max-width: 1024px) 100vw, 1024px\" \/><\/figure><\/li><\/ul>\n","protected":false},"excerpt":{"rendered":"<p>Mlad\u00fd spedit\u00e9r<\/p>\n","protected":false},"author":1,"featured_media":0,"parent":0,"menu_order":0,"comment_status":"closed","ping_status":"closed","template":"","meta":[],"_links":{"self":[{"href":"https:\/\/www.svazspedice.cz\/index.php\/wp-json\/wp\/v2\/pages\/916"}],"collection":[{"href":"https:\/\/www.svazspedice.cz\/index.php\/wp-json\/wp\/v2\/pages"}],"about":[{"href":"https:\/\/www.svazspedice.cz\/index.php\/wp-json\/wp\/v2\/types\/page"}],"author":[{"embeddable":true,"href":"https:\/\/www.svazspedice.cz\/index.php\/wp-json\/wp\/v2\/users\/1"}],"replies":[{"embeddable":true,"href":"https:\/\/www.svazspedice.cz\/index.php\/wp-json\/wp\/v2\/comments?post=916"}],"version-history":[{"count":1,"href":"https:\/\/www.svazspedice.cz\/index.php\/wp-json\/wp\/v2\/pages\/916\/revisions"}],"predecessor-version":[{"id":919,"href":"https:\/\/www.svazspedice.cz\/index.php\/wp-json\/wp\/v2\/pages\/916\/revisions\/919"}],"wp:attachment":[{"href":"https:\/\/www.svazspedice.cz\/index.php\/wp-json\/wp\/v2\/media?parent=916"}],"curies":[{"name":"wp","href":"https:\/\/api.w.org\/{rel}","templated":true}]}}