{"id":545,"date":"2019-04-17T10:43:09","date_gmt":"2019-04-17T10:43:09","guid":{"rendered":"http:\/\/www.svazspedice.cz\/?page_id=545"},"modified":"2024-07-23T09:24:03","modified_gmt":"2024-07-23T09:24:03","slug":"ssl-eticky-kodex","status":"publish","type":"page","link":"https:\/\/www.svazspedice.cz\/index.php\/ssl-eticky-kodex\/","title":{"rendered":"SSL etick\u00fd kodex\/Code of ethics"},"content":{"rendered":"\n<figure class=\"wp-block-image\"><img loading=\"lazy\" width=\"800\" height=\"483\" src=\"http:\/\/www.svazspedice.cz\/wp-content\/uploads\/2019\/04\/Antverpy-MPET-_orizle.jpg\" alt=\"\" class=\"wp-image-939\" srcset=\"https:\/\/www.svazspedice.cz\/wp-content\/uploads\/2019\/04\/Antverpy-MPET-_orizle.jpg 800w, https:\/\/www.svazspedice.cz\/wp-content\/uploads\/2019\/04\/Antverpy-MPET-_orizle-300x181.jpg 300w, https:\/\/www.svazspedice.cz\/wp-content\/uploads\/2019\/04\/Antverpy-MPET-_orizle-768x464.jpg 768w\" sizes=\"(max-width: 800px) 100vw, 800px\" \/><\/figure>\n\n\n<div id=\"pageRight\">\n<div class=\"inner\">\n<h3>\u010cl\u00e1nek 1 &#8211; Posl\u00e1n\u00ed Kodexu<\/h3>\n<p>Zas\u00edlatel\u00e9 sdru\u017een\u00ed ve Svazu spedice a logistiky \u010cesk\u00e9 republiky se dohodli, \u017ee budou dodr\u017eovat ustanoven\u00ed tohoto Kodexu zejm\u00e9na s c\u00edlem<\/p>\n<ol>\n<li>udr\u017eovat korektn\u00ed obchodn\u00ed vztahy \u010dlen\u016f Svazu spedice a logistiky \u010cR s jejich z\u00e1kazn\u00edky a dodavateli slu\u017eeb i mezi \u010dleny navz\u00e1jem<\/li>\n<li>posilovat d\u016fv\u011bru ve\u0159ejnosti k profesi zas\u00edlatele p\u0159edev\u0161\u00edm t\u00edm, \u017ee ji\u017e samotn\u00e9 \u010dlenstv\u00ed ve Svazu mus\u00ed b\u00fdt z\u00e1rukou odborn\u00e9 \u00farovn\u011b, spolehlivosti a vysok\u00e9 kvality ve\u0161ker\u00fdch zas\u00edlatelsk\u00fdch i dopl\u0148kov\u00fdch slu\u017eeb<\/li>\n<li>h\u00e1jit a chr\u00e1nit z\u00e1jmy \u010dlen\u016f Svazu spedice a logistiky ve vztahu k obchodn\u00edm partner\u016fm, org\u00e1n\u016fm st\u00e1tn\u00ed spr\u00e1vy a dal\u0161\u00edm subjekt\u016fm<\/li>\n<\/ol>\n<h3>article 1 &#8211; mission og the code<\/h3>\n<p>Freight Forwarders associated in the Freight Forwarding and Logistics Association of the Czech Republic agree to comply with the provisions of this Code, in particular to maintain fair business relations between the members of the Freight Forwarding and Logistics Association of the Czech Republic and their customers and service providers, as well as between the members and to strengthen public confidence in the profession of freight forwarding, especially by, that the very membership in the Union must be a guarantee of the professional level, reliability and high quality of all freight forwarding and supplementary services to defend and protect the interests of the members of the Freight Forwarding and Logistics Union in relation to business partners, state authorities and other entities<\/p>\n<h3>\u010cl\u00e1nek 2 &#8211; Z\u00e1sady chov\u00e1n\u00ed a jedn\u00e1n\u00ed zas\u00edlatele<\/h3>\n<p>\u00a0<\/p>\n<ol>\n<li>Ve vz\u00e1jemn\u00e9m vztahu se \u0159\u00edd\u00ed \u010dlenov\u00e9 Svazu spedice a logistiky zejm\u00e9na t\u011bmito z\u00e1sadami:\n<ul>\n<li>obchodn\u00ed sout\u011b\u017e mezi sebou vedou \u010destn\u00fdm a poctiv\u00fdm zp\u016fsobem<\/li>\n<li>respektuj\u00ed pravidla hospod\u00e1\u0159sk\u00e9 sout\u011b\u017ee a obchodn\u00ed zvyklosti<\/li>\n<li>vyvaruj\u00ed se \u0161\u00ed\u0159en\u00ed nepravdiv\u00fdch, ne\u00fapln\u00fdch \u010di zkreslen\u00fdch informac\u00ed o sv\u00fdch konkurentech a jejich zam\u011bstnanc\u00edch<\/li>\n<li>reklamu vedou pravdiv\u011b a v souladu se z\u00e1sadami \u010destn\u00e9 sout\u011b\u017ee<\/li>\n<\/ul>\n<\/li>\n<li>\u010clenov\u00e9 Svazu spedice a logistiky p\u0159ij\u00edmaj\u00ed zejm\u00e9na tyto z\u00e1vazky:\n<ul>\n<li>dodr\u017eovat stanovy Svazu, ustanoven\u00ed V\u0161eobecn\u00fdch zas\u00edlatelsk\u00fdch podm\u00ednek Svazu a dal\u0161\u00edch z\u00e1kladn\u00edch dokument\u016f schv\u00e1len\u00fdch valnou hromadou Svazu<\/li>\n<li>uzav\u00edrat odpov\u00eddaj\u00edc\u00ed poji\u0161t\u011bn\u00ed odpov\u011bdnosti zas\u00edlatele<\/li>\n<li>zachov\u00e1vat a respektovat obchodn\u00ed tajemstv\u00ed a dodr\u017eovat pravidla obchodn\u00ed etiky<\/li>\n<\/ul>\n<\/li>\n<li>P\u0159i jedn\u00e1n\u00ed s obchodn\u00edmi partnery se \u010dlenov\u00e9 Svazu \u0159\u00edd\u00ed p\u0159edev\u0161\u00edm t\u011bmito z\u00e1sadami:\n<ul>\n<li>uplat\u0148ov\u00e1n\u00ed zdvo\u0159il\u00e9ho a korektn\u00edho p\u0159\u00edstupu k obchodn\u00edm partner\u016fm, k sob\u011b navz\u00e1jem i ke sv\u00fdm zam\u011bstnanc\u016fm<\/li>\n<li>\u0159\u00e1dn\u00e9 uzav\u00edr\u00e1n\u00ed zas\u00edlatelsk\u00fdch i jin\u00fdch smluv s p\u0159esn\u00fdm stanoven\u00edm dodac\u00edch, platebn\u00edch a dal\u0161\u00edch z\u00e1kladn\u00edch podm\u00ednek<\/li>\n<li>dodr\u017eov\u00e1n\u00ed platn\u00fdch pr\u00e1vn\u00edch norem \u010desk\u00e9ho pr\u00e1vn\u00edho \u0159\u00e1du i podm\u00ednek mezin\u00e1rodn\u00edch smluv a dohod<\/li>\n<li>respektov\u00e1n\u00ed opr\u00e1vn\u011bn\u00fdch n\u00e1rok\u016f i obchodn\u00edch z\u00e1jm\u016f partner\u016f a obchodn\u00edho tajemstv\u00ed<\/li>\n<li>\u0159\u00e1dn\u00e9 pln\u011bn\u00ed ve\u0161ker\u00fdch z\u00e1vazk\u016f plynouc\u00edch z uzav\u0159en\u00fdch smluv<\/li>\n<\/ul>\n<\/li>\n<\/ol>\n<h3>Article 2 &#8211; principles of behavior and conduct of the sender<\/h3>\n<p>1.In their mutual relations, the members of the Freight Forwarding and Logistics Association shall be guided in particular by the following principles:<\/p>\n<ul>\n<li>conduct business competition among themselves in an honest and fair manner<\/li>\n<li>respect the rules of competition and business practices<\/li>\n<li>avoid the dissemination of false, incomplete or distorted information about their competitors and their employees<\/li>\n<li>conduct advertising truthfully and in accordance with the principles of fair competition<\/li>\n<\/ul>\n<p>2.Members of the Freight Forwarding and Logistics Association shall in particular accept the following obligations:<\/p>\n<ul>\n<li>to comply with the Statutes of the Union, the provisions of the General Freight Forwarding Conditions of the Union and other basic documents approved by the General Assembly of the Union<\/li>\n<li>to take out appropriate freight forwarder&#8217;s liability insurance<\/li>\n<li>to preserve and respect trade secrets and observe the rules of business ethics<\/li>\n<\/ul>\n<p>3.When dealing with business partners, the members of the Union are guided primarily by the following principles:<\/p>\n<ul>\n<li>application of a courteous and correct approach to business partners, to each other and to their employees proper<\/li>\n<li>conclusion of forwarding and other contracts with a precise determination of delivery, payment and other basic conditions<\/li>\n<li>compliance with the applicable legal norms of the Czech legal system and the terms of international treaties and agreements<\/li>\n<li>respect for legitimate claims and business interests of partners and trade secrets<\/li>\n<li>proper performance of all obligations arising from concluded contracts<\/li>\n<\/ul>\n<h3>\u010cl\u00e1nek 3 &#8211; Z\u00e1v\u011bre\u010dn\u00e1 ustanoven\u00ed<\/h3>\n<p>\u00a0<\/p>\n<ol>\n<li>Zvl\u00e1\u0161\u0165 hrub\u00e9 nebo opakovan\u00e9 poru\u0161ov\u00e1n\u00ed z\u00e1sad tohoto Kodexu je d\u016fvodem k vylou\u010den\u00ed \u010dlena ze Svazu rozhodnut\u00edm valn\u00e9 hromady Svazu<\/li>\n<li>Toto zn\u011bn\u00ed Kodexu bylo schv\u00e1lenou valnou hromadou Svazu spedice a logistiky \u010cR dne 22.3.2000<\/li>\n<\/ol>\n<h3>article 3 &#8211; final provisions<\/h3>\n<p>Particularly gross or repeated violation of the principles of this Code shall be grounds for expulsion of a member from the Association by a decision of the General Assembly of the Association.<\/p>\n<p>This version of the Code was approved by the General Assembly of the Forwarding and Logistics Association of the Czech Republic on 22.3.2000<\/p>\n<p>\u00a0<\/p>\n<\/div>\n<\/div>\n<div class=\"clear\">\u00a0<\/div>\n<div class=\"clear\">\u00a0<\/div>\n<div id=\"motto\"><span style=\"color: #ff0000;\"><em><strong>NA\u0160E MOTTO: Posl\u00e1n\u00edm SSL je zastupovat \u010dleny Svazu a podporovat je v poskytov\u00e1n\u00ed slu\u017eeb nejvy\u0161\u0161\u00ed kvality.<\/strong><\/em><\/span><\/div>\n<div><span style=\"color: #ff0000;\"><em>The mission of the Freight Forwarders Association is to represent its members and support them in providing the highest quality service<\/em><\/span><\/div>","protected":false},"excerpt":{"rendered":"<p>\u010cl\u00e1nek 1 &#8211; Posl\u00e1n\u00ed Kodexu Zas\u00edlatel\u00e9 sdru\u017een\u00ed ve Svazu spedice a logistiky \u010cesk\u00e9 republiky se dohodli, \u017ee budou dodr\u017eovat ustanoven\u00ed tohoto Kodexu zejm\u00e9na s c\u00edlem udr\u017eovat korektn\u00ed obchodn\u00ed vztahy \u010dlen\u016f Svazu spedice a logistiky \u010cR &#8230; <\/p>\n<p class=\"read-more-container\"><a title=\"SSL etick\u00fd kodex\/Code of ethics\" class=\"read-more button\" href=\"https:\/\/www.svazspedice.cz\/index.php\/ssl-eticky-kodex\/#more-545\">\u010c\u00edst v\u00edce<span class=\"screen-reader-text\">SSL etick\u00fd kodex\/Code of ethics<\/span><\/a><\/p>\n","protected":false},"author":1,"featured_media":0,"parent":0,"menu_order":0,"comment_status":"closed","ping_status":"closed","template":"","meta":[],"_links":{"self":[{"href":"https:\/\/www.svazspedice.cz\/index.php\/wp-json\/wp\/v2\/pages\/545"}],"collection":[{"href":"https:\/\/www.svazspedice.cz\/index.php\/wp-json\/wp\/v2\/pages"}],"about":[{"href":"https:\/\/www.svazspedice.cz\/index.php\/wp-json\/wp\/v2\/types\/page"}],"author":[{"embeddable":true,"href":"https:\/\/www.svazspedice.cz\/index.php\/wp-json\/wp\/v2\/users\/1"}],"replies":[{"embeddable":true,"href":"https:\/\/www.svazspedice.cz\/index.php\/wp-json\/wp\/v2\/comments?post=545"}],"version-history":[{"count":12,"href":"https:\/\/www.svazspedice.cz\/index.php\/wp-json\/wp\/v2\/pages\/545\/revisions"}],"predecessor-version":[{"id":3391,"href":"https:\/\/www.svazspedice.cz\/index.php\/wp-json\/wp\/v2\/pages\/545\/revisions\/3391"}],"wp:attachment":[{"href":"https:\/\/www.svazspedice.cz\/index.php\/wp-json\/wp\/v2\/media?parent=545"}],"curies":[{"name":"wp","href":"https:\/\/api.w.org\/{rel}","templated":true}]}}