{"id":413,"date":"2018-02-12T05:46:52","date_gmt":"2018-02-12T05:46:52","guid":{"rendered":"https:\/\/gpstartersites.com\/peak\/?page_id=18"},"modified":"2019-08-29T12:22:48","modified_gmt":"2019-08-29T12:22:48","slug":"home","status":"publish","type":"page","link":"https:\/\/www.svazspedice.cz\/index.php\/home\/","title":{"rendered":"Home"},"content":{"rendered":"\n<div class=\"wp-block-columns has-3-columns\">\n<div class=\"wp-block-column\">\n<h3>novinky<\/h3>\n\n\n<ul class=\"wp-block-latest-posts__list wp-block-latest-posts\"><li><a href=\"https:\/\/www.svazspedice.cz\/index.php\/2026\/01\/26\/kongres-ve-wisle-2026-krizovatka-inovaci-pro-zeleznici-a-intermodalni-logistiku\/\">Kongres ve Wisle 2026: K\u0159i\u017eovatka inovac\u00ed pro \u017eeleznici a intermod\u00e1ln\u00ed logistiku<\/a><\/li>\n<li><a href=\"https:\/\/www.svazspedice.cz\/index.php\/2025\/01\/22\/vstupni-souhrnne-celni-prohlaseni-nebo-ens\/\">&#8222;Vstupn\u00ed souhrnn\u00e9 celn\u00ed prohl\u00e1\u0161en\u00ed&#8220; nebo &#8222;ENS&#8220;<\/a><\/li>\n<li><a href=\"https:\/\/www.svazspedice.cz\/index.php\/2024\/06\/19\/valna-hromada-ssl-18-06-2024\/\">VALN\u00c1 HROMADA SSL 18.06.2024<\/a><\/li>\n<li><a href=\"https:\/\/www.svazspedice.cz\/index.php\/2024\/06\/10\/uhlikove-clo\/\">UHL\u00cdKOV\u00c9 CLO<\/a><\/li>\n<\/ul>\n\n\n<div class=\"wp-block-button is-style-squared\"><a class=\"wp-block-button__link\" href=\"http:\/\/www.svazspedice.cz\/index.php\/novinky\/\">\u010c\u00cdST V\u00cdCE<\/a><\/div>\n\n\n\n<p><\/p>\n<\/div>\n\n\n\n<div class=\"wp-block-column\">\n<h3>o n\u00e1s<\/h3>\n\n\n\n<p style=\"margin-bottom:50px\">Posl\u00e1n\u00edm Svazu spedice je zastupovat \u010dleny Svazu \na podporovat je v poskytov\u00e1n\u00ed slu\u017eeb nejvy\u0161\u0161\u00ed kvality.<\/p>\n\n\n\n<div class=\"wp-block-button is-style-squared\"><a class=\"wp-block-button__link\" href=\"http:\/\/www.svazspedice.cz\/index.php\/o-nas\/\">\u010c\u00cdST V\u00cdCE<\/a><\/div>\n\n\n\n<p><\/p>\n<\/div>\n\n\n\n<div class=\"wp-block-column\">\n<h3 style=\"color:#ed1c24\">Spedi\u010dn\u00ed Expert<\/h3>\n\n\n\n<p style=\"margin-bottom:50px\">Jedin\u00fd komplexn\u00ed syst\u00e9m \nvzd\u011bl\u00e1v\u00e1n\u00ed uchaze\u010d\u016f o zam\u011bstn\u00e1n\u00ed a zam\u011bstnanc\u016f zas\u00edlatelsk\u00fdch a \nlogistick\u00fdch firem.<\/p>\n\n\n\n<div class=\"wp-block-button is-style-squared\"><a class=\"wp-block-button__link\" href=\"http:\/\/www.spedicniexpert.cz\/\">\u010c\u00cdST V\u00cdCE<\/a><\/div>\n<\/div>\n<\/div>\n","protected":false},"excerpt":{"rendered":"<p>novinky o n\u00e1s Posl\u00e1n\u00edm Svazu spedice je zastupovat \u010dleny Svazu a podporovat je v poskytov\u00e1n\u00ed slu\u017eeb nejvy\u0161\u0161\u00ed kvality. Spedi\u010dn\u00ed Expert Jedin\u00fd komplexn\u00ed syst\u00e9m vzd\u011bl\u00e1v\u00e1n\u00ed uchaze\u010d\u016f o zam\u011bstn\u00e1n\u00ed a zam\u011bstnanc\u016f zas\u00edlatelsk\u00fdch a logistick\u00fdch firem.<\/p>\n","protected":false},"author":1,"featured_media":0,"parent":0,"menu_order":0,"comment_status":"closed","ping_status":"closed","template":"","meta":[],"_links":{"self":[{"href":"https:\/\/www.svazspedice.cz\/index.php\/wp-json\/wp\/v2\/pages\/413"}],"collection":[{"href":"https:\/\/www.svazspedice.cz\/index.php\/wp-json\/wp\/v2\/pages"}],"about":[{"href":"https:\/\/www.svazspedice.cz\/index.php\/wp-json\/wp\/v2\/types\/page"}],"author":[{"embeddable":true,"href":"https:\/\/www.svazspedice.cz\/index.php\/wp-json\/wp\/v2\/users\/1"}],"replies":[{"embeddable":true,"href":"https:\/\/www.svazspedice.cz\/index.php\/wp-json\/wp\/v2\/comments?post=413"}],"version-history":[{"count":29,"href":"https:\/\/www.svazspedice.cz\/index.php\/wp-json\/wp\/v2\/pages\/413\/revisions"}],"predecessor-version":[{"id":1132,"href":"https:\/\/www.svazspedice.cz\/index.php\/wp-json\/wp\/v2\/pages\/413\/revisions\/1132"}],"wp:attachment":[{"href":"https:\/\/www.svazspedice.cz\/index.php\/wp-json\/wp\/v2\/media?parent=413"}],"curies":[{"name":"wp","href":"https:\/\/api.w.org\/{rel}","templated":true}]}}