{"id":299,"date":"2019-04-05T12:10:45","date_gmt":"2019-04-05T12:10:45","guid":{"rendered":"http:\/\/www.svazspedice.cz\/?page_id=299"},"modified":"2023-06-14T07:08:21","modified_gmt":"2023-06-14T07:08:21","slug":"partneri","status":"publish","type":"page","link":"https:\/\/www.svazspedice.cz\/index.php\/partneri\/","title":{"rendered":"Partne\u0159i"},"content":{"rendered":"<p><img loading=\"lazy\" class=\"block h-20 w-20\" src=\"https:\/\/fiata.org\/imgs\/fiata.svg\" alt=\"FIATA\" width=\"83\" height=\"83\" \/><br \/>\n<a href=\"http:\/\/www.fiata.com\/\">fiata.com<\/a><\/p>\n<p><img loading=\"lazy\" class=\"jca-logo\" src=\"https:\/\/czech-logistics.eu\/wp-content\/uploads\/2018\/08\/cla_logo-web.svg\" width=\"202\" height=\"62\" \/><br \/>\n\u010cesk\u00e1 logistick\u00e1 asociace<br \/>\n<a style=\"font-size: inherit; background-color: initial;\" href=\"https:\/\/www.czech-logistics.eu\/\">czech-logistic.eu<\/a><\/p>\n<p><a href=\"https:\/\/zlz.sk\/\"><img loading=\"lazy\" class=\"\" src=\"https:\/\/zlz.sk\/wp-content\/uploads\/2023\/01\/logo-zlz-2023.png\" alt=\"ZLZ SR\" width=\"127\" height=\"70\" \/><br \/>\nzlz.sk<\/a><\/p>\n<p><img loading=\"lazy\" class=\"\" src=\"https:\/\/www.satum.cz\/img\/logo_header.svg\" alt=\"\" width=\"152\" height=\"26\" \/><br \/>\n<a href=\"http:\/\/www.satum.cz\/\">satum.cz<\/a><\/p>\n<p>Nab\u00eddka spolupr\u00e1ce:<\/p>\n<p>Z \u0161ir\u0161\u00edho okruhu nab\u00eddek spolupr\u00e1ce od \u010d\u00ednsk\u00fdch dopravn\u00edch a zas\u00edlatelsk\u00fdch firem, z\u00edskan\u00fdch na veletrhu CILF v Shenzhenu (23-25.9.2020) n\u00e1s zaujala tato.<br \/>\nMimo jin\u00e9 tak\u00e9 proto, \u017ee m\u00e1 skute\u010dn\u011b v\u0161e\u010d\u00ednsk\u00e9 pokryt\u00ed a rozsah slu\u017eeb.<br \/>\nViz prezentace n\u00ed\u017ee.<\/p>\n<p><a href=\"http:\/\/www.svazspedice.cz\/wp-content\/uploads\/2020\/10\/asti_presentation_2020.pdf\">Asti_presentation_2020.pdf<\/a><\/p>\n","protected":false},"excerpt":{"rendered":"<p>fiata.com \u010cesk\u00e1 logistick\u00e1 asociace czech-logistic.eu zlz.sk satum.cz Nab\u00eddka spolupr\u00e1ce: Z \u0161ir\u0161\u00edho okruhu nab\u00eddek spolupr\u00e1ce od \u010d\u00ednsk\u00fdch dopravn\u00edch a zas\u00edlatelsk\u00fdch firem, z\u00edskan\u00fdch na veletrhu CILF v Shenzhenu (23-25.9.2020) n\u00e1s zaujala tato. Mimo jin\u00e9 tak\u00e9 proto, \u017ee &#8230; <\/p>\n<p class=\"read-more-container\"><a title=\"Partne\u0159i\" class=\"read-more button\" href=\"https:\/\/www.svazspedice.cz\/index.php\/partneri\/#more-299\">\u010c\u00edst v\u00edce<span class=\"screen-reader-text\">Partne\u0159i<\/span><\/a><\/p>\n","protected":false},"author":1,"featured_media":0,"parent":0,"menu_order":0,"comment_status":"closed","ping_status":"closed","template":"","meta":[],"_links":{"self":[{"href":"https:\/\/www.svazspedice.cz\/index.php\/wp-json\/wp\/v2\/pages\/299"}],"collection":[{"href":"https:\/\/www.svazspedice.cz\/index.php\/wp-json\/wp\/v2\/pages"}],"about":[{"href":"https:\/\/www.svazspedice.cz\/index.php\/wp-json\/wp\/v2\/types\/page"}],"author":[{"embeddable":true,"href":"https:\/\/www.svazspedice.cz\/index.php\/wp-json\/wp\/v2\/users\/1"}],"replies":[{"embeddable":true,"href":"https:\/\/www.svazspedice.cz\/index.php\/wp-json\/wp\/v2\/comments?post=299"}],"version-history":[{"count":13,"href":"https:\/\/www.svazspedice.cz\/index.php\/wp-json\/wp\/v2\/pages\/299\/revisions"}],"predecessor-version":[{"id":2815,"href":"https:\/\/www.svazspedice.cz\/index.php\/wp-json\/wp\/v2\/pages\/299\/revisions\/2815"}],"wp:attachment":[{"href":"https:\/\/www.svazspedice.cz\/index.php\/wp-json\/wp\/v2\/media?parent=299"}],"curies":[{"name":"wp","href":"https:\/\/api.w.org\/{rel}","templated":true}]}}