{"id":297,"date":"2019-04-05T12:10:21","date_gmt":"2019-04-05T12:10:21","guid":{"rendered":"http:\/\/www.svazspedice.cz\/?page_id=297"},"modified":"2024-04-11T08:04:18","modified_gmt":"2024-04-11T08:04:18","slug":"podvody-v-doprave","status":"publish","type":"page","link":"https:\/\/www.svazspedice.cz\/index.php\/podvody-v-doprave\/","title":{"rendered":"Podvody v doprav\u011b"},"content":{"rendered":"<h2>Definice probl\u00e9m\u016f &#8211; podvody v doprav\u011b<\/h2>\n<p style=\"text-align: justify; background: white; margin: 0cm 0cm 24.0pt 0cm;\"><span style=\"font-size: 11.5pt; font-family: Poppins; color: #0a0a0a;\">Rostouc\u00ed po\u010det podvod\u016f v mezin\u00e1rodn\u00ed kamionov\u00e9 doprav\u011b, kter\u00fd je v posledn\u00ed dob\u011b charakterizov\u00e1n n\u00e1sleduj\u00edc\u00edm mechanizmem: vyhled\u00e1n\u00ed vhodn\u00e9 p\u0159epravy podvodn\u00fdm dopravcem ve spedi\u010dn\u00edch databank\u00e1ch, osloven\u00ed z\u00e1kazn\u00edka (obvykle spedit\u00e9ra) pod fale\u0161nou identitou existuj\u00edc\u00edho dopravce, komunikace obvykle z mobiln\u00edch telefon\u016f a prost\u0159ednictv\u00edm e-mailu @gmail.com nebo nap\u0159\u00edklad firma.co, n\u00e1sleduje zcizen\u00ed n\u00e1kladu a ukon\u010den\u00ed komunikace. Teritorium p\u016fsobnosti podvodn\u00fdch subjekt\u016f je celoevropsk\u00e9 \u2013 tj. m\u00edsto zcizen\u00ed n\u00e1kladu m\u016f\u017ee b\u00fdt jak \u010cR, tak ostatn\u00ed zem\u011b EU. Podvodn\u00edci \u010dasto zneu\u017e\u00edvaj\u00ed identity \u010desk\u00fdch a slovensk\u00fdch dopravc\u016f, ale mohou b\u00fdt i zahrani\u010dn\u00ed.<\/span><\/p>\n<p style=\"text-align: justify; background: white; margin: 0cm 0cm 24.0pt 0cm;\"><span style=\"font-size: 11.5pt; font-family: Poppins; color: #0a0a0a;\">Jedn\u00e1 o zlo\u010din nadn\u00e1rodn\u00ed, organizovan\u00fd, opakovan\u00fd, velk\u00e9ho rozsahu, s rostouc\u00ed frekvenc\u00ed a \u010d\u00edm d\u00e1l t\u00edm sofistikovan\u011bj\u0161\u00edmi metodami (utajen\u00fd kontakt mezi organiz\u00e1tory v pozad\u00ed a v\u00fdkonn\u00fdmi osobami, vyu\u017e\u00edv\u00e1n\u00ed nejen kraden\u00fdch, ale i zap\u016fj\u010den\u00fdch dopravn\u00edch prost\u0159edk\u016f obvykle bez identifika\u010dn\u00edch znak\u016f opat\u0159en\u00fdch fale\u0161n\u00fdmi nebo kraden\u00fdmi SPZ p\u016fvodn\u011b pat\u0159\u00edc\u00edmi nap\u0159. i stejn\u00fdm typ\u016fm vozidel, mezin\u00e1rodn\u00ed kombinace taha\u010d\u016f, n\u00e1v\u011bs\u016f, os\u00e1dky kamionu, fale\u0161n\u00e9 doklady, vyu\u017e\u00edv\u00e1n\u00ed komunika\u010dn\u00ed techniky na jedno pou\u017eit\u00ed).<br \/>\nSvaz spedice a logistiky \u010cR vytvo\u0159il Pracovn\u00ed skupinu, kter\u00e1 se probl\u00e9mem zab\u00fdv\u00e1 spole\u010dn\u011b se spedi\u010dn\u00edmi firmami, poji\u0161\u0165ovnami, polici\u00ed \u010cR a spole\u010dnostmi provozuj\u00edc\u00edmi spedi\u010dn\u00ed datab\u00e1ze.<\/span><\/p>\n<h2><strong>DOPORU\u010cEN\u00c1 BEZPE\u010cNOSTN\u00cd PRAVIDLA PRO SPEDIT\u00c9RY PRO OV\u011a\u0158OVAN\u00cd NAJ\u00cdMAN\u00ddCH DOPRAVC\u016e A SPEDI\u010cN\u00cdCH FIREM<\/strong><\/h2>\n<p>V dal\u0161\u00edch odkazech najdete v\u00fdsledky jedn\u00e1n\u00ed a pomocn\u00e9 informace.<\/p>\n<ol>\n<li>z\u00edskat pot\u0159ebn\u00e9 doklady o dopravci (v\u00fdpis z OR, osv\u011bd\u010den\u00ed o DI\u010c, koncesi, pojistnou smlouvu resp. pojistn\u00fd certifik\u00e1t)<\/li>\n<li>ov\u011b\u0159it, zda je \u00fa\u010dastn\u00edkem n\u011bkter\u00e9 ze spedi\u010dn\u00edch databank a ov\u011b\u0159it si ofici\u00e1ln\u00ed kontakty v\u00a0syst\u00e9mov\u00e9m profilu dopravce (zejm\u00e9na dom\u00e9ny email\u016f)<\/li>\n<li>prov\u011b\u0159it na webu informace o dopravci (na firemn\u00edm webu pop\u0159. v jin\u00fdch informa\u010dn\u00edch zdroj\u00edch na INTERNETu)<\/li>\n<li>ov\u011b\u0159it kontakty (zda souhlas\u00ed telefony, faxy a e-maily, ze kter\u00fdch dopravce komunikuje, s kontakty uveden\u00fdmi na firemn\u00edm webu pop\u0159. jin\u00fdch internetov\u00fdch zdroj\u00edch a s kontakty uveden\u00fdmi ve spedi\u010dn\u00edch databank\u00e1ch; ov\u011b\u0159it mobiln\u00ed telefony na ov\u011b\u0159en\u00fdch pevn\u00fdch link\u00e1ch)<\/li>\n<li>ov\u011b\u0159it RZ vozidla (\u010cKP, \u0160KP, na pojistn\u00e9 smlouv\u011b \u2013 pokud je to mo\u017en\u00e9)<\/li>\n<li>ov\u011b\u0159it pojistnou smlouvu na poji\u0161\u0165ovn\u011b<\/li>\n<li>sepsat protokol o v\u0161ech v\u00fd\u0161e uveden\u00fdch skute\u010dnostech a zaarchivovat pro dal\u0161\u00ed pou\u017eit\u00ed<\/li>\n<li>dal\u0161\u00ed vlastn\u00ed postupy<\/li>\n<\/ol>\n<h2>OV\u011a\u0158OV\u00c1N\u00cd SPZ<\/h2>\n<p><strong>v \u010cesk\u00e9 republice:<br \/>\n<\/strong>\u2022 povinn\u00e9 ru\u010den\u00ed vozidla<br \/>\n<a href=\"https:\/\/ic.ckp.cz\/ICwww\/servlet?_page=searchSPZ\">http:\/\/www.bezpojisteni.cz\/overte-si-zda-ma-vase-motorove-vozidlo-sjednano-povinne-ruceni<\/a><br \/>\n\u2022 odcizen\u00e9 registra\u010dn\u00ed zna\u010dky, odcizen\u00e1 vozidla<br \/>\n<a href=\"http:\/\/aplikace.policie.cz\/patrani-vozidla\/\">http:\/\/aplikace.policie.cz\/patrani-vozidla\/ <\/a><br \/>\n\u2022 ztracen\u00e9 (a \u010d\u00e1ste\u010dn\u011b i odcizen\u00e9) registra\u010dn\u00ed zna\u010dky a odcizen\u00e9 a ztracen\u00e9 doklady k vozidlu<br \/>\n<a href=\"http:\/\/www.mdcr.cz\/cs\/Silnicni_doprava\/rv_rzd.htm\">http:\/\/www.mdcr.cz\/cs\/Silnicni_doprava\/rv_rzd.htm<\/a><\/p>\n<p><strong>na Slovensku:<\/strong><br \/>\n\u2022 odcizen\u00e1 vozidla a registra\u010dn\u00ed zna\u010dky<br \/>\n<a href=\"http:\/\/www.minv.sk\/?odcudzene-mot-vozidla\">http:\/\/www.minv.sk\/?odcudzene-mot-vozidla<\/a><br \/>\n\u2022 oslovili jsme slovensk\u00e9 kolegy s dotazem, zda nemaj\u00ed je\u0161t\u011b dal\u0161\u00ed ve\u0159ejn\u011b dostupn\u00e9 datab\u00e1ze, kter\u00e9 by V\u00e1m mohli pomoci p\u0159i ov\u011b\u0159en\u00ed vozidla a jeho RZ. Pokud bude odpov\u011b\u010f pozitivn\u00ed, d\u00e1me ur\u010dit\u011b v\u011bd\u011bt.<\/p>\n<p><strong>Pro informaci:<br \/>\n<\/strong>\u2022 evropsk\u00e9 na\u0159\u00edzen\u00ed 1071\/2009<br \/>\n<a href=\"http:\/\/isap.vlada.cz\/dul\/dirtaiii.nsf\/eeab918d38eba973c12579bb003df09c\/38f062acd608b7ebc1257a4800370596?OpenDocument\">http:\/\/isap.vlada.cz\/dul\/dirtaiii.nsf\/eeab918d38eba973c12579bb003df09c\/38f062acd608b7ebc1257a4800370596?OpenDocument<\/a><\/p>\n<p>N\u011bkter\u00e9 pas\u00e1\u017ee byly p\u0159eklopeny do novelizace z\u00e1kona \u010d. 111\/1994 Sb., o silni\u010dn\u00ed doprav\u011b, ve zn\u011bn\u00ed z\u00e1kona \u010d. 119\/2012 Sb.; \u00fa\u010dinnost od 11. 4. 2012, gesce MD.<\/p>\n","protected":false},"excerpt":{"rendered":"<p>Definice probl\u00e9m\u016f &#8211; podvody v doprav\u011b Rostouc\u00ed po\u010det podvod\u016f v mezin\u00e1rodn\u00ed kamionov\u00e9 doprav\u011b, kter\u00fd je v posledn\u00ed dob\u011b charakterizov\u00e1n n\u00e1sleduj\u00edc\u00edm mechanizmem: vyhled\u00e1n\u00ed vhodn\u00e9 p\u0159epravy podvodn\u00fdm dopravcem ve spedi\u010dn\u00edch databank\u00e1ch, osloven\u00ed z\u00e1kazn\u00edka (obvykle spedit\u00e9ra) pod fale\u0161nou &#8230; <\/p>\n<p class=\"read-more-container\"><a title=\"Podvody v doprav\u011b\" class=\"read-more button\" href=\"https:\/\/www.svazspedice.cz\/index.php\/podvody-v-doprave\/#more-297\">\u010c\u00edst v\u00edce<span class=\"screen-reader-text\">Podvody v doprav\u011b<\/span><\/a><\/p>\n","protected":false},"author":1,"featured_media":0,"parent":0,"menu_order":0,"comment_status":"closed","ping_status":"closed","template":"","meta":[],"_links":{"self":[{"href":"https:\/\/www.svazspedice.cz\/index.php\/wp-json\/wp\/v2\/pages\/297"}],"collection":[{"href":"https:\/\/www.svazspedice.cz\/index.php\/wp-json\/wp\/v2\/pages"}],"about":[{"href":"https:\/\/www.svazspedice.cz\/index.php\/wp-json\/wp\/v2\/types\/page"}],"author":[{"embeddable":true,"href":"https:\/\/www.svazspedice.cz\/index.php\/wp-json\/wp\/v2\/users\/1"}],"replies":[{"embeddable":true,"href":"https:\/\/www.svazspedice.cz\/index.php\/wp-json\/wp\/v2\/comments?post=297"}],"version-history":[{"count":7,"href":"https:\/\/www.svazspedice.cz\/index.php\/wp-json\/wp\/v2\/pages\/297\/revisions"}],"predecessor-version":[{"id":3328,"href":"https:\/\/www.svazspedice.cz\/index.php\/wp-json\/wp\/v2\/pages\/297\/revisions\/3328"}],"wp:attachment":[{"href":"https:\/\/www.svazspedice.cz\/index.php\/wp-json\/wp\/v2\/media?parent=297"}],"curies":[{"name":"wp","href":"https:\/\/api.w.org\/{rel}","templated":true}]}}