{"id":293,"date":"2019-04-05T12:09:10","date_gmt":"2019-04-05T12:09:10","guid":{"rendered":"http:\/\/www.svazspedice.cz\/?page_id=293"},"modified":"2019-04-25T17:42:11","modified_gmt":"2019-04-25T17:42:11","slug":"fotogalerie","status":"publish","type":"page","link":"https:\/\/www.svazspedice.cz\/index.php\/fotogalerie\/","title":{"rendered":"Fotogalerie"},"content":{"rendered":"<h4><a href=\"http:\/\/www.svazspedice.cz\/index.php\/transport-logistika-shanghai-2014\/\">Transport a Logistika Shanghai 2014<\/a><br \/>\n<a href=\"http:\/\/www.svazspedice.cz\/index.php\/seminar-vzp-2014\/\">Semin\u00e1\u0159 VZP 2014<\/a><br \/>\n<a href=\"http:\/\/www.svazspedice.cz\/index.php\/bremenhaven-2013\/\">Bremenhaven 2013<\/a><br \/>\n<a href=\"http:\/\/www.svazspedice.cz\/index.php\/transport-logistika-2013-mnichov\/\">Transport a Logistika Mnichov 2013<\/a><br \/>\n<a href=\"http:\/\/www.svazspedice.cz\/index.php\/mlady-spediter\/\">Mlad\u00fd spedit\u00e9r<\/a><br \/>\n<a href=\"http:\/\/www.svazspedice.cz\/index.php\/zajezd-mladych-spediteru-do-hbg-a-lubecku\/\">Z\u00e1jezd mlad\u00fdch spedit\u00e9r\u016f do HBG a L\u00fcbecku<\/a><\/h4>\n","protected":false},"excerpt":{"rendered":"<p>Transport a Logistika Shanghai 2014 Semin\u00e1\u0159 VZP 2014 Bremenhaven 2013 Transport a Logistika Mnichov 2013 Mlad\u00fd spedit\u00e9r Z\u00e1jezd mlad\u00fdch spedit\u00e9r\u016f do HBG a L\u00fcbecku<\/p>\n","protected":false},"author":1,"featured_media":0,"parent":0,"menu_order":0,"comment_status":"closed","ping_status":"closed","template":"","meta":[],"_links":{"self":[{"href":"https:\/\/www.svazspedice.cz\/index.php\/wp-json\/wp\/v2\/pages\/293"}],"collection":[{"href":"https:\/\/www.svazspedice.cz\/index.php\/wp-json\/wp\/v2\/pages"}],"about":[{"href":"https:\/\/www.svazspedice.cz\/index.php\/wp-json\/wp\/v2\/types\/page"}],"author":[{"embeddable":true,"href":"https:\/\/www.svazspedice.cz\/index.php\/wp-json\/wp\/v2\/users\/1"}],"replies":[{"embeddable":true,"href":"https:\/\/www.svazspedice.cz\/index.php\/wp-json\/wp\/v2\/comments?post=293"}],"version-history":[{"count":5,"href":"https:\/\/www.svazspedice.cz\/index.php\/wp-json\/wp\/v2\/pages\/293\/revisions"}],"predecessor-version":[{"id":925,"href":"https:\/\/www.svazspedice.cz\/index.php\/wp-json\/wp\/v2\/pages\/293\/revisions\/925"}],"wp:attachment":[{"href":"https:\/\/www.svazspedice.cz\/index.php\/wp-json\/wp\/v2\/media?parent=293"}],"curies":[{"name":"wp","href":"https:\/\/api.w.org\/{rel}","templated":true}]}}