{"id":291,"date":"2019-04-05T12:08:54","date_gmt":"2019-04-05T12:08:54","guid":{"rendered":"http:\/\/www.svazspedice.cz\/?page_id=291"},"modified":"2024-07-23T09:28:47","modified_gmt":"2024-07-23T09:28:47","slug":"fiata","status":"publish","type":"page","link":"https:\/\/www.svazspedice.cz\/index.php\/fiata\/","title":{"rendered":"FIATA"},"content":{"rendered":"<h2>FIATA &#8211; slav\u00ed 90 let<\/h2>\n<p>FIATA je dnes jednou z nejv\u011bt\u0161\u00edch nevl\u00e1dn\u00edch organizac\u00ed sv\u011bta, reprezentuje 40 000 spedi\u010dn\u00edch a logistick\u00fdch firem, zam\u011bstn\u00e1vaj\u00edc\u00ed okolo 8-10 milion\u016f pracovn\u00edk\u016f. Ve 150 zem\u00edch sv\u011bta. Hrd\u011b nese titul &#8222;Architekt transportu&#8220;. FIATA m\u00e1 zastoupen\u00ed v ekonomick\u00e9m v\u00fdboru OSN. Reprezentuje logistick\u00fd obor sv\u011bta s ostatn\u00edmi organizacemi jako jsou ICC, IATA, IRU, WCO, WTO a dal\u0161\u00ed.<\/p>\n<h3><strong>\u010ceskoslovensk\u00e1 spedice byla spoluzakladatelem FIATA v roce 1926<\/strong><\/h3>\n<p>K zalo\u017een\u00ed mezin\u00e1rodn\u00edho sdru\u017een\u00ed spedi\u010dn\u00edch a p\u0159ipojen\u00fdch firem do\u0161lo ve V\u00eddni v podn\u011bl\u00ed dne 31.5. 1926. Ustavuj\u00edc\u00ed konferenc\u00ed, zah\u00e1jenou v 10,20 hod., kterou zorganizoval rakousk\u00fd &#8222;\u00dast\u0159edn\u00ed svaz spedit\u00e9r\u016f&#8220; ve velk\u00e9m slavnost\u00edm s\u00e1le Gr\u00e9mia v\u00edde\u0148sk\u00e9ho obchodu.<\/p>\n<p>Ustavuj\u00edc\u00ed konference se z\u00fa\u010dastnili z\u00e1stupci n\u00e1sleduj\u00edc\u00edch 16-ti n\u00e1rodn\u00edch spedit\u00e9rsk\u00fdch svaz\u016f, jak se uv\u00e1d\u00ed v p\u0159episu z ru\u010dn\u011b psan\u00e9ho protokolu:<\/p>\n<ul>\n<li>F\u00e9d\u00e9ration Nationale des Entrepreneurs de Transport de Belgique, Anvers<\/li>\n<li>Scheepvaart Vereeniging Noord, Amsterdam<\/li>\n<li>London Shipping and Forwarding Agents\u00b4Conference, London<\/li>\n<li>Schweizerischer Spediteuren-Verband, Bern<\/li>\n<li>Nordisk Spedit\u00f6r-Forbund, Copenhagen<\/li>\n<li>Dansk M\u00f6beltransport-Forening, Copenhagen<\/li>\n<li>Verein Deutscher Spediteure e.V., Berlin<\/li>\n<li>Lemberger Spediteur-Verein, Lemberg<\/li>\n<li><strong>GLOBUS Verband tschechoslovakischer Spediteure &amp; M\u00f6beltransporteure, Prague<\/strong><\/li>\n<li><strong>Svaz \u010deskoslovensk\u00fdch zasilatel\u016f, Prague<\/strong><\/li>\n<li>Landesverein ungarischer Spediteure, Budapest<\/li>\n<li>Mariborer Spediteurvereinigung, Maribor<\/li>\n<li>Associazione Triestina degli Spedizionieri, Zagreb<\/li>\n<li>Zentralverband der Spedireure, Vienna<\/li>\n<li>Allgemeiner M\u00f6beltransportverband, Vienna<\/li>\n<\/ul>\n<p>N\u00e1zev byl stanoven jako &#8222;Internationale F\u00f6deration der Spediteur-Organisationen&#8220; (n\u011bmecky), &#8222;F\u00e9d\u00e9ration Internationale des Associations de Transporteurs et Assimil\u00e9s&#8220; (francouzky) a &#8222;Internationale Federation of Forwarding Organisations&#8220; (anglicky). Zkratka FIATA poch\u00e1z\u00ed z ozna\u010den\u00ed ve francouz\u0161tin\u011b.<\/p>\n<p>FIATA is today one of the largest NGOs in the world, representing 40,000 freight forwarding and logistics companies, employing around 8-10 million workers. In 150 countries. It proudly bears the title &#8222;Architect of Transport&#8220;. FIATA takes past in the UN Economic Committee. It represents the logistics industry of the world with other organizations such as ICC, IATA, IRU, WCO, WTO and others.<\/p>\n<p>Czechoslovak forwarder was a co-founder of FIATA in 1926 The foundation of the international association of forwarding and related companies took place in Vienna on 31 May 1926. The foundation conference was attended by representatives of the following 16 national freight forwarders&#8216; associations, as stated in the transcript of the handwritten minutes:<\/p>\n<ul>\n<li>F\u00e9d\u00e9ration Nationale des Entrepreneurs de Transport de Belgique, Anvers<\/li>\n<li>Scheepvaart Vereeniging Noord, Amsterdam<\/li>\n<li>London Shipping and Forwarding Agents&#8216; Conference, London<\/li>\n<li>Schweizerischer Spediteuren-Verband, Bern<\/li>\n<li>Nordisk Spedit\u00f6r-Forbund, Copenhagen<\/li>\n<li>Dansk M\u00f6beltransport-Forening, Copenhagen<\/li>\n<li>Verein Deutscher Spediteure e.V., Berlin<\/li>\n<li>Lemberger Spediteur-Verein, Lemberg<\/li>\n<li>GLOBUS Verband tschechoslovakischer Spediteure &amp; M\u00f6beltransporteure, Prague<\/li>\n<li>Svaz \u010deskoslovensk\u00fdch zasilatel\u016f, Prague<\/li>\n<li>Landesverein ungarischer Spediteure, Budapest<\/li>\n<li>Mariborer Spediteurvereinigung, Maribor<\/li>\n<li>Associazione Triestina degli Spedizionieri, Zagreb<\/li>\n<li>Zentralverband der Spedireure, Vienna<\/li>\n<li>Allgemeiner M\u00f6beltransportverband, Vienna<\/li>\n<\/ul>\n<p>The name was defined as &#8222;Internationale F\u00f6deration der Spediteur-Organisationen&#8220; (German), &#8222;F\u00e9d\u00e9ration Internationale des Associations de Transporteurs et Assimil\u00e9s&#8220; (French) and &#8222;International Federation of Forwarding Organisations&#8220; (English). The abbreviation FIATA comes from the title in French.<\/p>\n","protected":false},"excerpt":{"rendered":"<p>FIATA &#8211; slav\u00ed 90 let FIATA je dnes jednou z nejv\u011bt\u0161\u00edch nevl\u00e1dn\u00edch organizac\u00ed sv\u011bta, reprezentuje 40 000 spedi\u010dn\u00edch a logistick\u00fdch firem, zam\u011bstn\u00e1vaj\u00edc\u00ed okolo 8-10 milion\u016f pracovn\u00edk\u016f. Ve 150 zem\u00edch sv\u011bta. Hrd\u011b nese titul &#8222;Architekt transportu&#8220;. &#8230; <\/p>\n<p class=\"read-more-container\"><a title=\"FIATA\" class=\"read-more button\" href=\"https:\/\/www.svazspedice.cz\/index.php\/fiata\/#more-291\">\u010c\u00edst v\u00edce<span class=\"screen-reader-text\">FIATA<\/span><\/a><\/p>\n","protected":false},"author":1,"featured_media":0,"parent":0,"menu_order":0,"comment_status":"closed","ping_status":"closed","template":"","meta":[],"_links":{"self":[{"href":"https:\/\/www.svazspedice.cz\/index.php\/wp-json\/wp\/v2\/pages\/291"}],"collection":[{"href":"https:\/\/www.svazspedice.cz\/index.php\/wp-json\/wp\/v2\/pages"}],"about":[{"href":"https:\/\/www.svazspedice.cz\/index.php\/wp-json\/wp\/v2\/types\/page"}],"author":[{"embeddable":true,"href":"https:\/\/www.svazspedice.cz\/index.php\/wp-json\/wp\/v2\/users\/1"}],"replies":[{"embeddable":true,"href":"https:\/\/www.svazspedice.cz\/index.php\/wp-json\/wp\/v2\/comments?post=291"}],"version-history":[{"count":7,"href":"https:\/\/www.svazspedice.cz\/index.php\/wp-json\/wp\/v2\/pages\/291\/revisions"}],"predecessor-version":[{"id":3396,"href":"https:\/\/www.svazspedice.cz\/index.php\/wp-json\/wp\/v2\/pages\/291\/revisions\/3396"}],"wp:attachment":[{"href":"https:\/\/www.svazspedice.cz\/index.php\/wp-json\/wp\/v2\/media?parent=291"}],"curies":[{"name":"wp","href":"https:\/\/api.w.org\/{rel}","templated":true}]}}