{"id":285,"date":"2019-04-05T12:07:58","date_gmt":"2019-04-05T12:07:58","guid":{"rendered":"http:\/\/www.svazspedice.cz\/?page_id=285"},"modified":"2019-05-16T06:38:24","modified_gmt":"2019-05-16T06:38:24","slug":"nabidka-sluzeb","status":"publish","type":"page","link":"https:\/\/www.svazspedice.cz\/index.php\/nabidka-sluzeb\/","title":{"rendered":"Nab\u00eddka slu\u017eeb"},"content":{"rendered":"<ul>\n<li><a class=\"inactive blockTitleSubmenu\" href=\"http:\/\/www.svazspedice.cz\/index.php\/uzitecny-software-online-systemy\/\" data-link=\"link\">U\u017eite\u010dn\u00fd software, online syst\u00e9my<\/a><\/li>\n<li><a href=\"http:\/\/www.svazspedice.cz\/index.php\/skladove-prostory\/\">Skladov\u00e9 prostory<\/a><\/li>\n<\/ul>\n\n\n<p><\/p>\n","protected":false},"excerpt":{"rendered":"<p>U\u017eite\u010dn\u00fd software, online syst\u00e9my Skladov\u00e9 prostory<\/p>\n","protected":false},"author":1,"featured_media":0,"parent":0,"menu_order":0,"comment_status":"closed","ping_status":"closed","template":"","meta":[],"_links":{"self":[{"href":"https:\/\/www.svazspedice.cz\/index.php\/wp-json\/wp\/v2\/pages\/285"}],"collection":[{"href":"https:\/\/www.svazspedice.cz\/index.php\/wp-json\/wp\/v2\/pages"}],"about":[{"href":"https:\/\/www.svazspedice.cz\/index.php\/wp-json\/wp\/v2\/types\/page"}],"author":[{"embeddable":true,"href":"https:\/\/www.svazspedice.cz\/index.php\/wp-json\/wp\/v2\/users\/1"}],"replies":[{"embeddable":true,"href":"https:\/\/www.svazspedice.cz\/index.php\/wp-json\/wp\/v2\/comments?post=285"}],"version-history":[{"count":7,"href":"https:\/\/www.svazspedice.cz\/index.php\/wp-json\/wp\/v2\/pages\/285\/revisions"}],"predecessor-version":[{"id":2404,"href":"https:\/\/www.svazspedice.cz\/index.php\/wp-json\/wp\/v2\/pages\/285\/revisions\/2404"}],"wp:attachment":[{"href":"https:\/\/www.svazspedice.cz\/index.php\/wp-json\/wp\/v2\/media?parent=285"}],"curies":[{"name":"wp","href":"https:\/\/api.w.org\/{rel}","templated":true}]}}