{"id":281,"date":"2019-04-05T12:04:20","date_gmt":"2019-04-05T12:04:20","guid":{"rendered":"http:\/\/www.svazspedice.cz\/?page_id=281"},"modified":"2026-02-12T10:53:30","modified_gmt":"2026-02-12T10:53:30","slug":"kalendar-akci","status":"publish","type":"page","link":"https:\/\/www.svazspedice.cz\/index.php\/kalendar-akci\/","title":{"rendered":"Kalend\u00e1\u0159 akc\u00ed"},"content":{"rendered":"\n<figure class=\"wp-block-table\"><table><tbody><tr><td><strong>26.02.2026<\/strong> &#8211; KLUB KOMBINOVAN\u00c1 DOPRAVA &#8211; 10,00 -13,00 &#8211; S\u010cMVD Praha<\/td><\/tr><tr><td><strong>4.\u20136. b\u0159ezna 2026 <\/strong>se v hotelu Crystal Mountain***** v polsk\u00e9m m\u011bst\u011b Wis\u0142a uskute\u010dn\u00ed<br>jubilejn\u00ed 15. ro\u010dn\u00edk MEZIN\u00c1RODN\u00cdHO \u017dELEZNI\u010cN\u00cdHO A INTERMOD\u00c1LN\u00cdHO KONGRESU.<br>Tato v\u00fdjime\u010dn\u00e1 ud\u00e1lost, kter\u00e1 se stala trvalou sou\u010d\u00e1st\u00ed kalend\u00e1\u0159e kl\u00ed\u010dov\u00fdch setk\u00e1n\u00ed \u017eelezni\u010dn\u00edho a<br>logistick\u00e9ho odv\u011btv\u00ed, op\u011bt p\u0159iv\u00edt\u00e1 odborn\u00edky, mana\u017eery a specialisty z praxe z Polska, \u010cesk\u00e9 republiky a<br>Slovenska. Kongres poskytne jedine\u010dnou platformu pro diskusi o v\u00fdzv\u00e1ch, kter\u00fdm \u010del\u00ed \u017eelezni\u010dn\u00ed a<br>intermod\u00e1ln\u00ed trhy ve st\u0159edn\u00ed Evrop\u011b, a nab\u00eddne p\u0159\u00edle\u017eitost k v\u00fdm\u011bn\u011b zku\u0161enost\u00ed a inovativn\u00edch \u0159e\u0161en\u00ed.<br>P\u0159edem d\u011bkujeme za p\u0159ijet\u00ed na\u0161eho pozv\u00e1n\u00ed!<br>Nadch\u00e1zej\u00edc\u00ed ro\u010dn\u00edk se zam\u011b\u0159\u00ed zejm\u00e9na na n\u00e1sleduj\u00edc\u00ed:<br>\uf0d8 integraci dopravn\u00edho trhu v regionu,<br>\uf0d8 vliv energetick\u00e9 transformace a digitalizace na \u017eelezni\u010dn\u00ed sektor,<br>\uf0d8 d\u016fsledky ozbrojen\u00fdch konflikt\u016f (Ukrajina, Gaza),rozvoj infrastruktury a bezpe\u010dnosti,<br>\uf0d8 digitalizaci dopravy,<br>\uf0d8 rostouc\u00ed roli intermod\u00e1ln\u00ed dopravy v glob\u00e1ln\u00edch dodavatelsk\u00fdch \u0159et\u011bzc\u00edch,<br>\uf0d8 celn\u00ed a sank\u010dn\u00ed ot\u00e1zky v \u017eelezni\u010dn\u00ed a intermod\u00e1ln\u00ed doprav\u011b,<br>\uf0d8 v\u00fdzvy spojen\u00e9 se spr\u00e1vou \u017eelezni\u010dn\u00edch vle\u010dek,<br>\uf0d8 aktu\u00e1ln\u00ed situaci kolem TAF\/TAP TSI.<br>\uf0d8 rozvoj syst\u00e9m\u016f \u0159\u00edzen\u00ed \u017eelezni\u010dn\u00edho provozu \u2013 jejich interoperabilitu, automatizaci a vliv na<br>efektivitu a bezpe\u010dnost p\u0159epravy.<br>Program kongresu bude rozd\u011blen do t\u0159\u00ed vz\u00e1jemn\u011b se dopl\u0148uj\u00edc\u00edch tematick\u00fdch blok\u016f:<br>\uf0d8 \u017delezni\u010dn\u00ed kongres<br>\uf0d8 Intermod\u00e1ln\u00ed kongres<br>\uf0d8 Blok \u0159\u00edzen\u00ed \u017eelezni\u010dn\u00edho provozu<br><\/td><\/tr><tr><td><strong>11.03.2026<\/strong> &#8211; Aircargo klub &#8211; 10,00 &#8211; 13,00 &#8211; leti\u0161t\u011b Praha<\/td><\/tr><tr><td><strong>18.03.2026<\/strong> &#8211; N\u00e1mo\u0159n\u00ed klub &#8211; 10,00 &#8211; 13,00 &#8211; S\u010cMVD Praha<\/td><\/tr><tr><td><strong>15.04.2026<\/strong> &#8211; Klub dopravn\u00edho pr\u00e1va &#8211; 10,00 &#8211; 13,00 &#8211; S\u010cMVD Praha<\/td><\/tr><tr><td><\/td><\/tr><tr><td>        <\/td><\/tr><tr><td><\/td><\/tr><\/tbody><\/table><\/figure>\n\n\n\n<p><\/p>\n","protected":false},"excerpt":{"rendered":"<p>26.02.2026 &#8211; KLUB KOMBINOVAN\u00c1 DOPRAVA &#8211; 10,00 -13,00 &#8211; S\u010cMVD Praha 4.\u20136. b\u0159ezna 2026 se v hotelu Crystal Mountain***** v polsk\u00e9m m\u011bst\u011b Wis\u0142a uskute\u010dn\u00edjubilejn\u00ed 15. ro\u010dn\u00edk MEZIN\u00c1RODN\u00cdHO \u017dELEZNI\u010cN\u00cdHO A INTERMOD\u00c1LN\u00cdHO KONGRESU.Tato v\u00fdjime\u010dn\u00e1 ud\u00e1lost, kter\u00e1 se &#8230; <\/p>\n<p class=\"read-more-container\"><a title=\"Kalend\u00e1\u0159 akc\u00ed\" class=\"read-more button\" href=\"https:\/\/www.svazspedice.cz\/index.php\/kalendar-akci\/#more-281\">\u010c\u00edst v\u00edce<span class=\"screen-reader-text\">Kalend\u00e1\u0159 akc\u00ed<\/span><\/a><\/p>\n","protected":false},"author":1,"featured_media":0,"parent":0,"menu_order":0,"comment_status":"closed","ping_status":"closed","template":"","meta":[],"_links":{"self":[{"href":"https:\/\/www.svazspedice.cz\/index.php\/wp-json\/wp\/v2\/pages\/281"}],"collection":[{"href":"https:\/\/www.svazspedice.cz\/index.php\/wp-json\/wp\/v2\/pages"}],"about":[{"href":"https:\/\/www.svazspedice.cz\/index.php\/wp-json\/wp\/v2\/types\/page"}],"author":[{"embeddable":true,"href":"https:\/\/www.svazspedice.cz\/index.php\/wp-json\/wp\/v2\/users\/1"}],"replies":[{"embeddable":true,"href":"https:\/\/www.svazspedice.cz\/index.php\/wp-json\/wp\/v2\/comments?post=281"}],"version-history":[{"count":110,"href":"https:\/\/www.svazspedice.cz\/index.php\/wp-json\/wp\/v2\/pages\/281\/revisions"}],"predecessor-version":[{"id":3719,"href":"https:\/\/www.svazspedice.cz\/index.php\/wp-json\/wp\/v2\/pages\/281\/revisions\/3719"}],"wp:attachment":[{"href":"https:\/\/www.svazspedice.cz\/index.php\/wp-json\/wp\/v2\/media?parent=281"}],"curies":[{"name":"wp","href":"https:\/\/api.w.org\/{rel}","templated":true}]}}