{"id":278,"date":"2019-04-05T12:02:26","date_gmt":"2019-04-05T12:02:26","guid":{"rendered":"http:\/\/www.svazspedice.cz\/?page_id=278"},"modified":"2020-02-20T09:00:42","modified_gmt":"2020-02-20T09:00:42","slug":"poradna","status":"publish","type":"page","link":"https:\/\/www.svazspedice.cz\/index.php\/poradna\/","title":{"rendered":"Dokumenty"},"content":{"rendered":"<ul>\n<li><a href=\"http:\/\/www.svazspedice.cz\/index.php\/kalendar-akci\/\">Kalend\u00e1\u0159 akci<\/a><\/li>\n<li><a href=\"http:\/\/www.svazspedice.cz\/wp-content\/uploads\/2020\/02\/P\u0158IHL\u00c1\u0160KA.pdf\">P\u0158IHL\u00c1\u0160KA za <\/a><a class=\"inactive blockTitleSubmenu\" href=\"http:\/\/www.svazspedice.cz\/index.php\/prihlaska-za-clena\/\" data-link=\"link\">\u010dlena<\/a><\/li>\n<li><a href=\"http:\/\/www.svazspedice.cz\/index.php\/dokumenty-ke-stazeni\/\">Dokumenty ke sta\u017een\u00ed<\/a><\/li>\n<li><a href=\"http:\/\/www.svazspedice.cz\/index.php\/podvody-v-doprave\/\">Podvody v doprav\u011b<\/a><\/li>\n<\/ul>\n\n\n<p><\/p>\n","protected":false},"excerpt":{"rendered":"<p>Kalend\u00e1\u0159 akci P\u0158IHL\u00c1\u0160KA za \u010dlena Dokumenty ke sta\u017een\u00ed Podvody v doprav\u011b<\/p>\n","protected":false},"author":1,"featured_media":0,"parent":0,"menu_order":0,"comment_status":"closed","ping_status":"closed","template":"","meta":[],"_links":{"self":[{"href":"https:\/\/www.svazspedice.cz\/index.php\/wp-json\/wp\/v2\/pages\/278"}],"collection":[{"href":"https:\/\/www.svazspedice.cz\/index.php\/wp-json\/wp\/v2\/pages"}],"about":[{"href":"https:\/\/www.svazspedice.cz\/index.php\/wp-json\/wp\/v2\/types\/page"}],"author":[{"embeddable":true,"href":"https:\/\/www.svazspedice.cz\/index.php\/wp-json\/wp\/v2\/users\/1"}],"replies":[{"embeddable":true,"href":"https:\/\/www.svazspedice.cz\/index.php\/wp-json\/wp\/v2\/comments?post=278"}],"version-history":[{"count":7,"href":"https:\/\/www.svazspedice.cz\/index.php\/wp-json\/wp\/v2\/pages\/278\/revisions"}],"predecessor-version":[{"id":1517,"href":"https:\/\/www.svazspedice.cz\/index.php\/wp-json\/wp\/v2\/pages\/278\/revisions\/1517"}],"wp:attachment":[{"href":"https:\/\/www.svazspedice.cz\/index.php\/wp-json\/wp\/v2\/media?parent=278"}],"curies":[{"name":"wp","href":"https:\/\/api.w.org\/{rel}","templated":true}]}}