{"id":276,"date":"2019-04-05T12:02:04","date_gmt":"2019-04-05T12:02:04","guid":{"rendered":"http:\/\/www.svazspedice.cz\/?page_id=276"},"modified":"2020-02-20T08:59:17","modified_gmt":"2020-02-20T08:59:17","slug":"prihlaska-za-clena","status":"publish","type":"page","link":"https:\/\/www.svazspedice.cz\/index.php\/prihlaska-za-clena\/","title":{"rendered":"P\u0159ihl\u00e1\u0161ka za \u010dlena"},"content":{"rendered":"<h2>\u017d\u00e1dost o \u010dlenstv\u00ed<\/h2>\n<ol>\n<li>\u010clenstv\u00ed ve Svazu je \u0159\u00e1dn\u00e9, p\u0159idru\u017een\u00e9 a \u010destn\u00e9.<\/li>\n<li>\u0158\u00e1dn\u00fdmi \u010dleny Svazu mohou b\u00fdt subjekty p\u016fsob\u00edc\u00ed v oboru zasilatelstv\u00ed, logistiky a skladov\u00e1n\u00ed v \u010cR, kter\u00e9 souhlas\u00ed s c\u00edli Svazu a zav\u00e1zaly se dodr\u017eovat stanovy a Kodex jedn\u00e1n\u00ed zas\u00edlatele (dokumenty ke sta\u017een\u00ed.<\/li>\n<li>P\u0159idru\u017een\u00fdmi \u010dleny svazu mohou b\u00fdt jak podnikatel\u00e9, tak subjekty, kter\u00e9 maj\u00ed se zas\u00edlatelstv\u00edm, logistikou a skladov\u00e1n\u00edm spole\u010dn\u00e9 z\u00e1jmy<\/li>\n<li>O p\u0159ijet\u00ed za \u010dlena Svazu rozhoduje p\u0159edstavenstvo na z\u00e1klad\u011b p\u0159ihl\u00e1\u0161ky<br \/>\n(<a href=\"http:\/\/www.svazspedice.cz\/index.php\/dokumenty-ke-stazeni\/\">dokumenty ke sta\u017een\u00ed<\/a>)\u00a0a dal\u0161\u00edch doklad\u016f.<\/li>\n<li>K podan\u00e9 p\u0159ihl\u00e1\u0161ce\u00a0se mohou vyj\u00e1d\u0159it \u010dlenov\u00e9 Svazu v pr\u016fb\u011bhu jednoho m\u011bs\u00edce od informace v Informa\u010dn\u00edm zpravodaji SSL.<\/li>\n<\/ol>\n<h2>\u010clensk\u00e9 p\u0159\u00edsp\u011bvky<\/h2>\n<h3>V\u00fd\u0161e \u010dlensk\u00fdch p\u0159\u00edsp\u011bvk\u016f schv\u00e1len\u00e1 valnou hromadou SSL dne 15.5.2019, platn\u00e1 od 1.1.2020<\/h3>\n<p>Kategorie\u00a0<q>\u0159\u00e1dn\u00fd \u010dlen<\/q><\/p>\n<table border=\"0\" width=\"100%\">\n<tbody>\n<tr valign=\"top\">\n<td rowspan=\"2\">1. stupe\u0148 (firma do 25 zam\u011bstnanc\u016f)<\/td>\n<td>\u010dlensk\u00fd p\u0159\u00edsp\u011bvek:<\/td>\n<td align=\"right\">3 000,&#8211; K\u010d<\/td>\n<td><\/td>\n<\/tr>\n<tr>\n<td>n\u00e1kup slu\u017eeb:<\/td>\n<td align=\"right\">14 000,&#8211; K\u010d<\/td>\n<td><sup>*<\/sup><\/td>\n<\/tr>\n<tr valign=\"top\">\n<td rowspan=\"2\">2. stupe\u0148 (firma od 26 zam\u011bstnanc\u016f v\u00fd\u0161e)<\/td>\n<td>\u010dlensk\u00fd p\u0159\u00edsp\u011bvek:<\/td>\n<td align=\"right\">3 000,&#8211; K\u010d<\/td>\n<td><\/td>\n<\/tr>\n<tr>\n<td>n\u00e1kup slu\u017eeb:<\/td>\n<td align=\"right\">28 000,&#8211; K\u010d<\/td>\n<td><sup>*<\/sup><\/td>\n<\/tr>\n<\/tbody>\n<\/table>\n<h3>Kategorie\u00a0<q>p\u0159idru\u017een\u00fd \u010dlen<\/q><\/h3>\n<table border=\"0\" width=\"100%\">\n<tbody>\n<tr valign=\"top\">\n<td rowspan=\"2\">A-podnikatel\u00e9<\/td>\n<td>\u010dlensk\u00fd p\u0159\u00edsp\u011bvek:<\/td>\n<td align=\"right\">2 000,&#8211; K\u010d<\/td>\n<td><\/td>\n<\/tr>\n<tr>\n<td>n\u00e1kup slu\u017eeb:<\/td>\n<td align=\"right\">14 000,&#8211; K\u010d<\/td>\n<td><sup>*<\/sup><\/td>\n<\/tr>\n<tr valign=\"top\">\n<td rowspan=\"2\">B-\u0161koly<\/td>\n<td>\u010dlensk\u00fd p\u0159\u00edsp\u011bvek:<\/td>\n<td align=\"right\">5 000,&#8211; K\u010d<\/td>\n<\/tr>\n<tr>\n<td>n\u00e1kup slu\u017eeb:<\/td>\n<td align=\"right\">&#8212;<\/td>\n<\/tr>\n<\/tbody>\n<\/table>\n<p align=\"justify\"><sup>*<\/sup>\u00a0<em>tyto \u010d\u00e1stky se vypl\u0148uj\u00ed v p\u0159ilo\u017een\u00fdch smlouv\u00e1ch o \u00fahrad\u011b pod\u00edlu na n\u00e1kladech pro slu\u017eby &#8211; slou\u017e\u00ed pro da\u0148ov\u00e9 \u00fa\u010dely (tato \u010d\u00e1stka se zahrnuje do n\u00e1kladov\u00fdch polo\u017eek)<\/em><\/p>\n<p>Definice\u00a0<q>\u0158\u00e1dn\u00fd \u010dlen<\/q>\u00a0viz\u00a0<a href=\"http:\/\/www.sslczech.cz\/cz\/o-nas\/stanovysl#stanova2\">\u00a7 5\/2 Stanov SSL<br \/>\n<\/a>Definice\u00a0<q>P\u0159idru\u017een\u00fd \u010dlen<\/q>\u00a0viz\u00a0<a href=\"http:\/\/www.svazspedice.cz\/index.php\/stanovy-ssl\/\">\u00a75\/3 Stanov SSL<\/a><\/p>\n<p><strong>\u0158\u00c1DN\u00c9 \u010cLENSTV\u00cd<\/strong><br \/>\n\u0158\u00e1dn\u00fdm \u010dlenem se rozum\u00ed firmy a spole\u010dnosti s p\u0159edm\u011btem podnik\u00e1n\u00ed<\/p>\n<ul>\n<li>vnitrost\u00e1tn\u00ed zasilatelstv\u00ed<\/li>\n<li>mezin\u00e1rodn\u00ed zasilatelstv\u00ed<\/li>\n<li>mezin\u00e1rodn\u00ed doprava<\/li>\n<li>vnitrost\u00e1tn\u00ed doprava<\/li>\n<li>skladov\u00e1n\u00ed<\/li>\n<li>logistika<\/li>\n<li>a dal\u0161\u00ed souvisej\u00edc\u00ed<\/li>\n<\/ul>\n<p><strong style=\"font-size: inherit; background-color: initial;\">P\u0158IDRU\u017dEN\u00c9 \u010cLENSTV\u00cd<\/strong><\/p>\n<p>P\u0159idru\u017een\u00e9 \u010dlenstv\u00ed je ur\u010deno<\/p>\n<ul>\n<li>\u0161kol\u00e1m<\/li>\n<li>institut\u016fm<\/li>\n<li>odborn\u00fdm a vzd\u011bl\u00e1vac\u00edm organizac\u00edm<\/li>\n<li>IT spole\u010dnostem<\/li>\n<li>realitn\u00edm kancel\u00e1\u0159\u00edm<\/li>\n<\/ul>\n<p><strong style=\"font-size: inherit; background-color: initial;\">\u010cESTN\u00c9 \u010cLENSTV\u00cd<\/strong><\/p>\n<p>\u010cestn\u00e9 \u010dlenstv\u00ed ud\u011bluje p\u0159edstavenstvo SSL<\/p>\n<h2>ROZPIS \u010cLENSK\u00ddCH P\u0158\u00cdSP\u011aVK\u016e<\/h2>\n<p><strong>Podrobn\u00fd rozpis slu\u017eeb na \u00fahradu pod\u00edlu na n\u00e1kladech za slu\u017eby za \u010dlenstv\u00ed v SSL<\/strong><\/p>\n<p>Toto je podrobn\u00fd rozpis slu\u017eeb, za kter\u00fd se plat\u00ed \u010dlensk\u00fd p\u0159\u00edsp\u011bvek, tento p\u0159\u00edsp\u011bvek se skl\u00e1d\u00e1 ze dvou \u010d\u00e1st\u00ed.<\/p>\n<table border=\"0\" width=\"775\">\n<tbody>\n<tr>\n<td><strong>1. \u010clensk\u00fd p\u0159\u00edsp\u011bv\u011bk<\/strong><\/td>\n<td><strong>2 000,- K\u010d<\/strong><\/p>\n<p><strong>3 000,- K\u010d<\/strong><\/p>\n<p><strong>5 000,- K\u010d<\/strong><\/td>\n<td><\/td>\n<td><strong>+ 0% DPH<\/strong><\/td>\n<\/tr>\n<tr>\n<td colspan=\"4\">&#8211; poplatek za vlastn\u00ed \u010dlenstv\u00ed (kter\u00e9 je ze z\u00e1kona nepovinn\u00e9, a tedy nen\u00ed n\u00e1rok na uplatn\u011bn\u00ed t\u011bchto \u010d\u00e1stek do<br \/>\nv\u00fddaj\u016f). \u010clensk\u00fd p\u0159\u00edsp\u011bvek je osvobozen od DPH.<\/td>\n<\/tr>\n<tr>\n<td><\/td>\n<td><\/td>\n<td><\/td>\n<td><\/td>\n<\/tr>\n<tr>\n<td><strong>2. Za slu\u017eby (da\u0148ov\u011b uznateln\u00fd n\u00e1rok)<\/strong><\/td>\n<td><\/td>\n<td><\/td>\n<td><\/td>\n<\/tr>\n<tr>\n<td><strong>&#8211;\u00a0\u0158\u00e1dn\u00ed \u010dlenov\u00e9<\/strong><br \/>\npo\u010det pracovn\u00edk\u016f firmy celkem<\/td>\n<td><strong>14 000,- K\u010d<br \/>\n<\/strong>do 25 osob<\/td>\n<td><strong>28 000,- K\u010d<\/strong><br \/>\nv\u00edce ne\u017e 25 osob<\/td>\n<td valign=\"top\"><strong>+ 21% DPH<\/strong><\/td>\n<\/tr>\n<tr>\n<td><strong>&#8211; P\u0159idru\u017een\u00ed \u010dlenov\u00e9<\/strong><\/td>\n<td><strong>14 000,- K\u010d<\/strong><\/td>\n<td><\/td>\n<td><strong>+ 21% DPH<\/strong><\/td>\n<\/tr>\n<\/tbody>\n<\/table>\n<p><strong>Tato \u010d\u00e1stka je da\u0148ov\u011b uznateln\u00fd n\u00e1rok a skl\u00e1d\u00e1 se z \u010dinnost\u00ed poskytnut\u00fdch\u00a0<\/strong><strong>svazem:<\/strong><\/p>\n<ul>\n<li>poradensk\u00e1 \u010dinnost<\/li>\n<li>zaji\u0161\u0165ov\u00e1n\u00ed odborn\u00fdch konzultac\u00ed<\/li>\n<li>zaji\u0161\u0165ov\u00e1n\u00ed pr\u00e1vn\u00edch konzultac\u00ed<\/li>\n<li>zastupov\u00e1n\u00ed \u010dlen\u016f p\u0159i jedn\u00e1n\u00edch se zahrani\u010dn\u00edmi nevl\u00e1dn\u00edmi organizacemi<\/li>\n<li>\u00fa\u010dast na odborn\u00fdch semin\u00e1\u0159\u00edch<\/li>\n<li>poskytov\u00e1n\u00ed informac\u00ed formou t\u0159\u00ed r\u016fzn\u00fdch forem m\u011bs\u00ed\u010dn\u00edch zpravodaj\u016f<\/li>\n<li>pou\u017e\u00edv\u00e1n\u00ed V\u0161eobecn\u00fdch zasilatelsk\u00fdch podm\u00ednek vydan\u00e9 SSL<\/li>\n<li>mo\u017enost pou\u017e\u00edv\u00e1n\u00ed dopravn\u00edch dokument\u016f FIATA<\/li>\n<li>informace v \u010desk\u00e9m a anglick\u00e9m jazyce z evropsk\u00e9ho svazu CLECAT<\/li>\n<li>informace v \u010desk\u00e9m a anglick\u00e9m jazyce z celosv\u011btov\u00e9ho svazu FIATA<\/li>\n<li>zastoupen\u00ed na tuzemsk\u00fdch veletrz\u00edch &#8211; Brno, EAST LOG, ABF, MSV+TL &#8211; poskytov\u00e1n\u00ed servisu<\/li>\n<li>zastoupen\u00ed na mezin\u00e1rodn\u00edch veletrz\u00edch &#8211; Mnichov, Shangaj &#8211; poskytov\u00e1n\u00ed servisu<\/li>\n<\/ul>\n<p>Ing. Petr Ro\u017eek Ph.D.<br \/>\nv\u00fdkonn\u00fd \u0159editel<\/p>\n","protected":false},"excerpt":{"rendered":"<p>\u017d\u00e1dost o \u010dlenstv\u00ed \u010clenstv\u00ed ve Svazu je \u0159\u00e1dn\u00e9, p\u0159idru\u017een\u00e9 a \u010destn\u00e9. \u0158\u00e1dn\u00fdmi \u010dleny Svazu mohou b\u00fdt subjekty p\u016fsob\u00edc\u00ed v oboru zasilatelstv\u00ed, logistiky a skladov\u00e1n\u00ed v \u010cR, kter\u00e9 souhlas\u00ed s c\u00edli Svazu a zav\u00e1zaly se dodr\u017eovat &#8230; <\/p>\n<p class=\"read-more-container\"><a title=\"P\u0159ihl\u00e1\u0161ka za \u010dlena\" class=\"read-more button\" href=\"https:\/\/www.svazspedice.cz\/index.php\/prihlaska-za-clena\/#more-276\">\u010c\u00edst v\u00edce<span class=\"screen-reader-text\">P\u0159ihl\u00e1\u0161ka za \u010dlena<\/span><\/a><\/p>\n","protected":false},"author":1,"featured_media":0,"parent":0,"menu_order":0,"comment_status":"closed","ping_status":"closed","template":"","meta":[],"_links":{"self":[{"href":"https:\/\/www.svazspedice.cz\/index.php\/wp-json\/wp\/v2\/pages\/276"}],"collection":[{"href":"https:\/\/www.svazspedice.cz\/index.php\/wp-json\/wp\/v2\/pages"}],"about":[{"href":"https:\/\/www.svazspedice.cz\/index.php\/wp-json\/wp\/v2\/types\/page"}],"author":[{"embeddable":true,"href":"https:\/\/www.svazspedice.cz\/index.php\/wp-json\/wp\/v2\/users\/1"}],"replies":[{"embeddable":true,"href":"https:\/\/www.svazspedice.cz\/index.php\/wp-json\/wp\/v2\/comments?post=276"}],"version-history":[{"count":12,"href":"https:\/\/www.svazspedice.cz\/index.php\/wp-json\/wp\/v2\/pages\/276\/revisions"}],"predecessor-version":[{"id":1516,"href":"https:\/\/www.svazspedice.cz\/index.php\/wp-json\/wp\/v2\/pages\/276\/revisions\/1516"}],"wp:attachment":[{"href":"https:\/\/www.svazspedice.cz\/index.php\/wp-json\/wp\/v2\/media?parent=276"}],"curies":[{"name":"wp","href":"https:\/\/api.w.org\/{rel}","templated":true}]}}