{"id":272,"date":"2019-04-05T11:53:08","date_gmt":"2019-04-05T11:53:08","guid":{"rendered":"http:\/\/www.svazspedice.cz\/?page_id=272"},"modified":"2024-07-23T09:14:30","modified_gmt":"2024-07-23T09:14:30","slug":"pracovni-skupiny","status":"publish","type":"page","link":"https:\/\/www.svazspedice.cz\/index.php\/pracovni-skupiny\/","title":{"rendered":"Pracovn\u00ed skupiny\/Division of working groups"},"content":{"rendered":"<p><span style=\"color: #000080; font-size: 18px;\"><strong>ROZD\u011aLEN\u00cd PRACOVN\u00cdCH SKUPIN<\/strong><\/span><br \/>\n<em>Pro zobrazen\u00ed detailu skupiny, klikn\u011bte na n\u00e1zev.<\/em><\/p>\n<h4><span style=\"color: #ff0000; font-size: 18px;\"><a href=\"http:\/\/www.svazspedice.cz\/index.php\/aircargo-klub\/\">Aircargo klub<\/a><br \/>\n<a href=\"http:\/\/www.svazspedice.cz\/index.php\/celni-klub\/\">Celn\u00ed klub<\/a><br \/>\n<a href=\"http:\/\/www.svazspedice.cz\/index.php\/drazni-klub\/\">Dr\u00e1\u017en\u00ed klub<\/a><br \/>\n<a href=\"http:\/\/www.svazspedice.cz\/index.php\/kombinovana-doprava\/\">Kombinovan\u00e1 doprava<\/a><br \/>\n<a href=\"http:\/\/www.svazspedice.cz\/index.php\/logistika\/\">Logistika<\/a><br \/>\n<a href=\"http:\/\/www.svazspedice.cz\/index.php\/namorni-klub\/\">N\u00e1mo\u0159n\u00ed klub<\/a><br \/>\n<a href=\"http:\/\/www.svazspedice.cz\/index.php\/nebezpecne-veci\/\">Nebezpe\u010dn\u00e9 v\u011bci<\/a><br \/>\n<a href=\"http:\/\/www.svazspedice.cz\/index.php\/odborna-vychova\/\">Odborn\u00e1 v\u00fdchova<\/a><br \/>\n<a href=\"http:\/\/www.svazspedice.cz\/index.php\/silnicni-doprava\/\">Silni\u010dn\u00ed doprava<\/a><br \/>\n<a href=\"http:\/\/www.svazspedice.cz\/index.php\/podvody-v-doprave-2\/\">Podvody v doprav\u011b<\/a><br \/>\n<a href=\"http:\/\/www.svazspedice.cz\/index.php\/klub-dopravniho-prava\/\">Klub dopravn\u00edho pr\u00e1va<\/a><\/span><\/h4>\n","protected":false},"excerpt":{"rendered":"<p>ROZD\u011aLEN\u00cd PRACOVN\u00cdCH SKUPIN Pro zobrazen\u00ed detailu skupiny, klikn\u011bte na n\u00e1zev. Aircargo klub Celn\u00ed klub Dr\u00e1\u017en\u00ed klub Kombinovan\u00e1 doprava Logistika N\u00e1mo\u0159n\u00ed klub Nebezpe\u010dn\u00e9 v\u011bci Odborn\u00e1 v\u00fdchova Silni\u010dn\u00ed doprava Podvody v doprav\u011b Klub dopravn\u00edho pr\u00e1va<\/p>\n","protected":false},"author":1,"featured_media":0,"parent":0,"menu_order":0,"comment_status":"closed","ping_status":"closed","template":"","meta":[],"_links":{"self":[{"href":"https:\/\/www.svazspedice.cz\/index.php\/wp-json\/wp\/v2\/pages\/272"}],"collection":[{"href":"https:\/\/www.svazspedice.cz\/index.php\/wp-json\/wp\/v2\/pages"}],"about":[{"href":"https:\/\/www.svazspedice.cz\/index.php\/wp-json\/wp\/v2\/types\/page"}],"author":[{"embeddable":true,"href":"https:\/\/www.svazspedice.cz\/index.php\/wp-json\/wp\/v2\/users\/1"}],"replies":[{"embeddable":true,"href":"https:\/\/www.svazspedice.cz\/index.php\/wp-json\/wp\/v2\/comments?post=272"}],"version-history":[{"count":24,"href":"https:\/\/www.svazspedice.cz\/index.php\/wp-json\/wp\/v2\/pages\/272\/revisions"}],"predecessor-version":[{"id":3381,"href":"https:\/\/www.svazspedice.cz\/index.php\/wp-json\/wp\/v2\/pages\/272\/revisions\/3381"}],"wp:attachment":[{"href":"https:\/\/www.svazspedice.cz\/index.php\/wp-json\/wp\/v2\/media?parent=272"}],"curies":[{"name":"wp","href":"https:\/\/api.w.org\/{rel}","templated":true}]}}