{"id":264,"date":"2019-08-29T11:48:14","date_gmt":"2019-08-29T11:48:14","guid":{"rendered":"http:\/\/www.svazspedice.cz\/?page_id=264"},"modified":"2022-10-11T10:06:34","modified_gmt":"2022-10-11T10:06:34","slug":"kontakty","status":"publish","type":"page","link":"https:\/\/www.svazspedice.cz\/index.php\/kontakty\/","title":{"rendered":"Kontakty"},"content":{"rendered":"<p><strong><span style=\"color: #2e3192;\">ADRESA A S\u00cdDLO SPOLE\u010cNOSTI:<br \/><\/span><\/strong><strong>Svaz spedice a logistiky \u010cesk\u00e9 republiky<\/strong><br \/>Prvn\u00edho pluku 621\/8a<br \/>186 30\u00a0 Praha 8<br \/>\u010cesk\u00e1 republika<\/p>\n<p><strong><span style=\"color: #2e3192;\"><a style=\"color: #2e3192;\" href=\"https:\/\/mapy.cz\/s\/3qYRL\" target=\"info\" rel=\"noopener noreferrer\">JAK N\u00c1S NAJDETE<\/a><\/span><\/strong><br \/><a href=\"https:\/\/mapy.cz\/s\/3qYRL\">GPS: 50\u00b0 5&#8242; 28.5&#8243; N, 14\u00b0 26&#8242; 33.9&#8243; E<\/a><\/p>\n<p>telefon: +420 224 891 303, 731 502 772<br \/>fax:\u00a0 \u00a0 \u00a0 \u00a0 \u00a0+420 224 891 303<br \/>mail:\u00a0 <a href=\"mailto:mullerova@svazspedice.cz\">mullerova@svazspedice.cz<\/a><br \/>web: <a href=\"http:\/\/www.svazspedice.cz\">www.svazspedice.cz<\/a><\/p>\n<p><strong><span style=\"color: #2e3192;\">\u00da\u0158EDN\u00cd HODINY<\/span><br \/><\/strong><span style=\"font-size: inherit; background-color: initial;\">Pond\u011bl\u00ed-\u010ctvrtek\u00a0 \u00a0 \u00a08:30 &#8211; 13:00<br \/><\/span><\/p>\n<p><strong><span style=\"color: #2e3192;\">\u00daDAJE O SPOLE\u010cNOSTI<\/span><br \/><\/strong>I\u010c: 48132951<br \/>DI\u010c: CZ48132951<br \/>Bankovn\u00ed \u00fa\u010det: 481329519\/5500<\/p>\n<p><em>Registrace:Ministerstvo vnitra \u010cR \u010d.j. VSCV 1-6784\/91-R jako voln\u00e9 sdru\u017een\u00ed<\/em><strong><br \/><\/strong><\/p>\n<p>\u00a0<\/p>\n\n\n<p><\/p>\n","protected":false},"excerpt":{"rendered":"<p>ADRESA A S\u00cdDLO SPOLE\u010cNOSTI:Svaz spedice a logistiky \u010cesk\u00e9 republikyPrvn\u00edho pluku 621\/8a186 30\u00a0 Praha 8\u010cesk\u00e1 republika JAK N\u00c1S NAJDETEGPS: 50\u00b0 5&#8242; 28.5&#8243; N, 14\u00b0 26&#8242; 33.9&#8243; E telefon: +420 224 891 303, 731 502 772fax:\u00a0 \u00a0 &#8230; <\/p>\n<p class=\"read-more-container\"><a title=\"Kontakty\" class=\"read-more button\" href=\"https:\/\/www.svazspedice.cz\/index.php\/kontakty\/#more-264\">\u010c\u00edst v\u00edce<span class=\"screen-reader-text\">Kontakty<\/span><\/a><\/p>\n","protected":false},"author":1,"featured_media":0,"parent":0,"menu_order":0,"comment_status":"closed","ping_status":"closed","template":"","meta":[],"_links":{"self":[{"href":"https:\/\/www.svazspedice.cz\/index.php\/wp-json\/wp\/v2\/pages\/264"}],"collection":[{"href":"https:\/\/www.svazspedice.cz\/index.php\/wp-json\/wp\/v2\/pages"}],"about":[{"href":"https:\/\/www.svazspedice.cz\/index.php\/wp-json\/wp\/v2\/types\/page"}],"author":[{"embeddable":true,"href":"https:\/\/www.svazspedice.cz\/index.php\/wp-json\/wp\/v2\/users\/1"}],"replies":[{"embeddable":true,"href":"https:\/\/www.svazspedice.cz\/index.php\/wp-json\/wp\/v2\/comments?post=264"}],"version-history":[{"count":28,"href":"https:\/\/www.svazspedice.cz\/index.php\/wp-json\/wp\/v2\/pages\/264\/revisions"}],"predecessor-version":[{"id":2456,"href":"https:\/\/www.svazspedice.cz\/index.php\/wp-json\/wp\/v2\/pages\/264\/revisions\/2456"}],"wp:attachment":[{"href":"https:\/\/www.svazspedice.cz\/index.php\/wp-json\/wp\/v2\/media?parent=264"}],"curies":[{"name":"wp","href":"https:\/\/api.w.org\/{rel}","templated":true}]}}