{"id":262,"date":"2019-04-05T11:47:37","date_gmt":"2019-04-05T11:47:37","guid":{"rendered":"http:\/\/www.svazspedice.cz\/?page_id=262"},"modified":"2025-07-03T07:53:35","modified_gmt":"2025-07-03T07:53:35","slug":"management","status":"publish","type":"page","link":"https:\/\/www.svazspedice.cz\/index.php\/management\/","title":{"rendered":"Management"},"content":{"rendered":"\n<p><\/p>\n\n\n<h3>P\u0158EDSTAVENSTVO<\/h3>\n<table class=\"ods\" border=\"0\" align=\"center\">\n<tbody>\n<tr>\n<td><strong>P\u0159edseda<\/strong><\/td>\n<td><strong>V\u00edt VOTROUBEK<br \/><\/strong><\/td>\n<td><a href=\"mailto:info@svazspedice.cz\">info@svazspedice.cz<\/a><\/td>\n<\/tr>\n<tr>\n<td>M\u00edstop\u0159edseda<\/td>\n<td>Ladislav PR\u016eCHA<\/td>\n<td><a href=\"mailto:prucha@transforwarding.cz\">prucha@transforwarding.cz<\/a><\/td>\n<\/tr>\n<tr>\n<td>\u010clen<\/td>\n<td>\n<p>Martin KOUBEK<\/p>\n<\/td>\n<td>\n<p><a href=\"mailto:koubek@metrans.eu\">koubek@metrans.eu<\/a><\/p>\n<\/td>\n<\/tr>\n<tr>\n<td>\u010clen<\/td>\n<td>Martin GR\u00c1CA<\/td>\n<td><a href=\"mailto:martin@bahnoperator.com\">martin@bahnoperator.com<\/a><\/td>\n<\/tr>\n<tr>\n<td>\u010clen<\/td>\n<td>Rostislav VA\u0160EK<\/td>\n<td><a href=\"mailto:tomas.holomoucky@schenker.cz\">rvasek@cid.cz<\/a><\/td>\n<\/tr>\n<tr>\n<td>\u010clen<\/td>\n<td>Martin DR\u00c1BEK<\/td>\n<td>\n<p><a href=\"mailto:martin.drabek@expresvan.cz\">martin.drabek@expresvan.cz<\/a><\/p>\n<\/td>\n<\/tr>\n<tr>\n<td>\u010clen<\/td>\n<td>V\u00e1clav LORENC<\/td>\n<td><a href=\"mailto:lorenc@lorenc-logistic.cz\">lorenc@lorenc-logistic.cz<br \/><\/a><\/td>\n<\/tr>\n<tr>\n<td>\u010clen<\/td>\n<td>Petr VELECK\u00dd<\/td>\n<td><a href=\"mailto:petr.velecky@railcargo.com\">petr.velecky@railcargo.com<\/a><\/td>\n<\/tr>\n<tr>\n<td>\u010clen<\/td>\n<td>Michal NEUER<\/td>\n<td><a href=\"mailto:michal.neuer@skyport.cz\">michal.neuer@skyport.cz<\/a><\/td>\n<\/tr>\n<\/tbody>\n<\/table>\n<h3>REVIZN\u00cd KOMISE<\/h3>\n<table class=\"ods\" border=\"0\" align=\"center\">\n<tbody>\n<tr>\n<td><strong>P\u0159edseda\u00a0 \u00a0 \u00a0 \u00a0 \u00a0 \u00a0 \u00a0 \u00a0 \u00a0\u00a0<\/strong><\/td>\n<td><strong>Petr MAT\u011aJ\u016e<\/strong><\/td>\n<td><a href=\"mailto:servant@servant.cz\">servant@servant.cz<\/a><\/td>\n<\/tr>\n<tr>\n<td>\u010clen<\/td>\n<td>Jan BL\u00c1HA<\/td>\n<td><a href=\"mailto:jan.blaha@pst-clc.cz\">jan.blaha@pst-clc.cz<\/a><\/td>\n<\/tr>\n<tr>\n<td>\u010clen<\/td>\n<td>Ivana TREUTLEROV\u00c1<\/td>\n<td><a href=\"mailto:itreutlerova@bohemiacargo.cz\">itreutlerova@bohemiacargo.cz<\/a><\/td>\n<\/tr>\n<\/tbody>\n<\/table>\n<h3>SEKRETARI\u00c1T<\/h3>\n<table class=\"ods\" border=\"0\" align=\"center\">\n<tbody>\n<tr>\n<td><strong>V\u00fdkonn\u00fd \u0159editel\u00a0 \u00a0 \u00a0 \u00a0<\/strong><\/td>\n<td><strong>Ing. Petr Ro\u017eek, Ph.D.<\/strong><\/td>\n<td><a href=\"mailto:rozek@svazspedice.cz\">rozek@svazspedice.cz\u00a0 \u00a0 \u00a0 \u00a0 \u00a0 \u00a0 \u00a0 \u00a0 \u00a0 \u00a0 \u00a0 \u00a0 \u00a0 \u00a0 \u00a0 \u00a0 \u00a0 \u00a0 \u00a0\u00a0<\/a><\/td>\n<\/tr>\n<tr>\n<td>Asistentka<\/td>\n<td>Dita M\u00fcllerov\u00e1<\/td>\n<td><a href=\"mailto:mullerova@svazspedice.cz\">mullerova@svazspedice.cz<\/a><\/td>\n<\/tr>\n<\/tbody>\n<\/table>","protected":false},"excerpt":{"rendered":"<p>P\u0158EDSTAVENSTVO P\u0159edseda V\u00edt VOTROUBEK info@svazspedice.cz M\u00edstop\u0159edseda Ladislav PR\u016eCHA prucha@transforwarding.cz \u010clen Martin KOUBEK koubek@metrans.eu \u010clen Martin GR\u00c1CA martin@bahnoperator.com \u010clen Rostislav VA\u0160EK rvasek@cid.cz \u010clen Martin DR\u00c1BEK martin.drabek@expresvan.cz \u010clen V\u00e1clav LORENC lorenc@lorenc-logistic.cz \u010clen Petr VELECK\u00dd petr.velecky@railcargo.com \u010clen Michal &#8230; <\/p>\n<p class=\"read-more-container\"><a title=\"Management\" class=\"read-more button\" href=\"https:\/\/www.svazspedice.cz\/index.php\/management\/#more-262\">\u010c\u00edst v\u00edce<span class=\"screen-reader-text\">Management<\/span><\/a><\/p>\n","protected":false},"author":1,"featured_media":0,"parent":0,"menu_order":0,"comment_status":"closed","ping_status":"closed","template":"","meta":[],"_links":{"self":[{"href":"https:\/\/www.svazspedice.cz\/index.php\/wp-json\/wp\/v2\/pages\/262"}],"collection":[{"href":"https:\/\/www.svazspedice.cz\/index.php\/wp-json\/wp\/v2\/pages"}],"about":[{"href":"https:\/\/www.svazspedice.cz\/index.php\/wp-json\/wp\/v2\/types\/page"}],"author":[{"embeddable":true,"href":"https:\/\/www.svazspedice.cz\/index.php\/wp-json\/wp\/v2\/users\/1"}],"replies":[{"embeddable":true,"href":"https:\/\/www.svazspedice.cz\/index.php\/wp-json\/wp\/v2\/comments?post=262"}],"version-history":[{"count":49,"href":"https:\/\/www.svazspedice.cz\/index.php\/wp-json\/wp\/v2\/pages\/262\/revisions"}],"predecessor-version":[{"id":3564,"href":"https:\/\/www.svazspedice.cz\/index.php\/wp-json\/wp\/v2\/pages\/262\/revisions\/3564"}],"wp:attachment":[{"href":"https:\/\/www.svazspedice.cz\/index.php\/wp-json\/wp\/v2\/media?parent=262"}],"curies":[{"name":"wp","href":"https:\/\/api.w.org\/{rel}","templated":true}]}}