{"id":260,"date":"2019-04-05T11:46:58","date_gmt":"2019-04-05T11:46:58","guid":{"rendered":"http:\/\/www.svazspedice.cz\/?page_id=260"},"modified":"2024-07-23T09:10:23","modified_gmt":"2024-07-23T09:10:23","slug":"o-nas","status":"publish","type":"page","link":"https:\/\/www.svazspedice.cz\/index.php\/o-nas\/","title":{"rendered":"O n\u00e1s\/About us"},"content":{"rendered":"\n<pre id=\"tw-target-text\" class=\"wp-block-preformatted\">Posl\u00e1n\u00edm Svazu spedit\u00e9r\u016f je zastupovat sv\u00e9 \u010dleny a podporovat je v poskytov\u00e1n\u00ed slu\u017eeb nejvy\u0161\u0161\u00ed kvality.<\/pre>\n\n\n\n<p>The mission of the Freight Forwarders Association is to represent its members and support them in providing the highest quality service.<\/p>\n\n\n\n<p><\/p>\n\n\n<ul>\n<li><a href=\"http:\/\/www.svazspedice.cz\/index.php\/management\/\">Management<\/a><\/li>\n<li><a href=\"http:\/\/www.svazspedice.cz\/index.php\/pracovni-skupiny\/\">Pracovn\u00ed skupiny\/Division of working groups<\/a><\/li>\n<li><a href=\"http:\/\/www.svazspedice.cz\/index.php\/seznam-clenu\/\">Seznam \u010dlen\u016f<\/a><\/li>\n<li><a class=\"inactive blockTitleSubmenu\" href=\"http:\/\/www.svazspedice.cz\/index.php\/ssl-eticky-kodex\/\" data-link=\"link\">SSL etick\u00fd kodex<\/a><\/li>\n<li><a class=\"inactive blockTitleSubmenu\" href=\"http:\/\/www.svazspedice.cz\/index.php\/stanovy-ssl\/\" data-link=\"link\">Stanovy SSL<\/a><\/li>\n<li><a href=\"http:\/\/www.svazspedice.cz\/index.php\/kontakty\/\">Kontakty<\/a><\/li>\n<\/ul>","protected":false},"excerpt":{"rendered":"<p>Posl\u00e1n\u00edm Svazu spedit\u00e9r\u016f je zastupovat sv\u00e9 \u010dleny a podporovat je v poskytov\u00e1n\u00ed slu\u017eeb nejvy\u0161\u0161\u00ed kvality. The mission of the Freight Forwarders Association is to represent its members and support them in providing the highest quality &#8230; <\/p>\n<p class=\"read-more-container\"><a title=\"O n\u00e1s\/About us\" class=\"read-more button\" href=\"https:\/\/www.svazspedice.cz\/index.php\/o-nas\/#more-260\">\u010c\u00edst v\u00edce<span class=\"screen-reader-text\">O n\u00e1s\/About us<\/span><\/a><\/p>\n","protected":false},"author":1,"featured_media":0,"parent":0,"menu_order":0,"comment_status":"closed","ping_status":"closed","template":"","meta":[],"_links":{"self":[{"href":"https:\/\/www.svazspedice.cz\/index.php\/wp-json\/wp\/v2\/pages\/260"}],"collection":[{"href":"https:\/\/www.svazspedice.cz\/index.php\/wp-json\/wp\/v2\/pages"}],"about":[{"href":"https:\/\/www.svazspedice.cz\/index.php\/wp-json\/wp\/v2\/types\/page"}],"author":[{"embeddable":true,"href":"https:\/\/www.svazspedice.cz\/index.php\/wp-json\/wp\/v2\/users\/1"}],"replies":[{"embeddable":true,"href":"https:\/\/www.svazspedice.cz\/index.php\/wp-json\/wp\/v2\/comments?post=260"}],"version-history":[{"count":11,"href":"https:\/\/www.svazspedice.cz\/index.php\/wp-json\/wp\/v2\/pages\/260\/revisions"}],"predecessor-version":[{"id":3380,"href":"https:\/\/www.svazspedice.cz\/index.php\/wp-json\/wp\/v2\/pages\/260\/revisions\/3380"}],"wp:attachment":[{"href":"https:\/\/www.svazspedice.cz\/index.php\/wp-json\/wp\/v2\/media?parent=260"}],"curies":[{"name":"wp","href":"https:\/\/api.w.org\/{rel}","templated":true}]}}