{"id":1133,"date":"2019-05-16T09:17:18","date_gmt":"2019-05-16T09:17:18","guid":{"rendered":"http:\/\/www.svazspedice.cz\/?page_id=1133"},"modified":"2024-05-13T07:53:27","modified_gmt":"2024-05-13T07:53:27","slug":"poradna-2","status":"publish","type":"page","link":"https:\/\/www.svazspedice.cz\/index.php\/poradna-2\/","title":{"rendered":"Poradna"},"content":{"rendered":"<h3>PR\u00c1VN\u00cd PORADNA<\/h3>\n<p>V\u00e1\u017een\u00ed \u010dlenov\u00e9 a podporovatel\u00e9 Svazu spedice a logistiky \u010cR,<\/p>\n<p>je mi velk\u00fdm pot\u011b\u0161en\u00edm, \u017ee v\u00a0r\u00e1mci dne\u0161n\u00edho zased\u00e1n\u00ed Pr\u00e1vn\u00edho klubu SSL do\u0161lo k\u00a0dohod\u011b o znovuzprovozn\u011bn\u00ed Pr\u00e1vn\u00ed poradny SSL.<\/p>\n<p>Prim\u00e1rn\u011b va\u0161i pot\u0159ebu pr\u00e1vn\u00ed rady uspokoj\u00ed Mgr. Michal Florian z FMK advok\u00e1tn\u00ed kacel\u00e1\u0159 s.r.o. kontakt <a href=\"florian@akfmk.cz\" rel=\"noreferrer\">florian@akfmk.cz<\/a><\/p>\n<p>V\u00a0p\u0159\u00edpad\u011b pot\u0159eby pr\u00e1vn\u00ed podpory u dr\u00e1\u017en\u00edch p\u0159eprav bude v\u00e1m k\u00a0dispozici JUDr. Lojda z\u00a0AK R\u00f6dl, kontakt\u00a0<a href=\"mailto:jiri.lojda@roedl.com\" rel=\"noreferrer\">jiri.lojda@roedl.com<\/a><\/p>\n<p>Pros\u00edme v\u00e1s, abyste v\u0161echny va\u0161e dotazy i nad\u00e1le \u2013 alespo\u0148 v\u00a0kopii \u2013 pos\u00edlali na Svaz. Je mo\u017en\u00e9, \u017ee v\u00a0nejjednodu\u0161\u0161\u00edch situac\u00edch<\/p>\n<p>posta\u010d\u00ed i na\u0161e konzultace a v\u00fdm\u011bna.<\/p>\n<p>Z\u00e1zem\u00ed obou t\u011bchto p\u00e1n\u016f zaru\u010duje nejvy\u0161\u0161\u00ed spolehlivost a odbornost pr\u00e1vn\u00ed pomoci.,<\/p>\n<p>Pr\u00e1vn\u00ed poradna ji\u017e nebude \u2013 jako za \u010das\u016f JUDr. Poh\u016fnka \u2013 m\u00edt charakter pravideln\u00e9ho p\u0159ibli\u017en\u011b obt\u00fddenn\u00edho sezen\u00ed v\u00a0kancel\u00e1\u0159i Svazu.<\/p>\n<p>Dotazy a \u017e\u00e1dost o podporu pros\u00edm i s\u00a0nezbytn\u00fdmi podp\u016frn\u00fdmi doklady zas\u00edlejte e-mailem. Teprve nebude-li mo\u017eno v\u00e1\u0161 dotaz<\/p>\n<p>zodpov\u011bd\u011bt stejnou cestou, bude v\u00e1m nab\u00eddnuto osobn\u00ed setk\u00e1n\u00ed s\u00a0pr\u00e1vn\u00edkem, kde term\u00edn a m\u00edsto si sjedn\u00e1te individu\u00e1ln\u011b.<\/p>\n<p>A\u017e potud z\u016fst\u00e1v\u00e1 Pr\u00e1vn\u00ed poradna bezplatnou. P\u0159\u00edprava p\u0159\u00edpadn\u00e9 \u017ealoby \u010di naopak obrana p\u0159ed n\u00ed se pak ji\u017e bude \u0159\u00eddit platn\u00fdmi<\/p>\n<p>podm\u00ednkami p\u0159\u00edslu\u0161n\u00e9 advok\u00e1tn\u00ed kancel\u00e1\u0159e.<\/p>\n<p>V\u011b\u0159\u00edm, \u017ee takto obnoven\u00e1 Pr\u00e1vn\u00ed poradna pro v\u00e1s bude i nad\u00e1le pevn\u00fdm a spolehliv\u00fdm bodem ve sv\u011bt\u011b spedice a logistiky a<\/p>\n<p>\u017ee v\u00e1m bude i nad\u00e1le poskytovat spolehliv\u00e9 rady a pomoc, pou\u017eiteln\u00e9 pro va\u0161i ka\u017edodenn\u00ed pr\u00e1ci. T\u011b\u0161\u00edm se samoz\u0159ejm\u011b i na va\u0161e<\/p>\n<p>brzk\u00e9 ohlasy k\u00a0jej\u00edmu fungov\u00e1n\u00ed.<\/p>\n<p>S pozdravem<\/p>\n<p>Dr. Petr Ro\u017eek<\/p>\n<p><em>V\u00fdkonn\u00fd \u0159editel SSL\/Executive Director of AFL CZ<\/em><\/p>\n<p><a href=\"mailto:info@svazspedice.cz\" rel=\"noreferrer\">info@svazspedice.cz<\/a><br \/>\n<span style=\"font-size: inherit; background-color: initial;\">T+F: (420) 224 891\u00a0303<br \/>\n<\/span>M:\u00a0\u00a0\u00a0 (420) 737 264 535<br \/>\n<a href=\"http:\/\/www.svazspedice.cz\/\" rel=\"noreferrer\">www.svazspedice.cz<\/a><\/p>\n","protected":false},"excerpt":{"rendered":"<p>PR\u00c1VN\u00cd PORADNA V\u00e1\u017een\u00ed \u010dlenov\u00e9 a podporovatel\u00e9 Svazu spedice a logistiky \u010cR, je mi velk\u00fdm pot\u011b\u0161en\u00edm, \u017ee v\u00a0r\u00e1mci dne\u0161n\u00edho zased\u00e1n\u00ed Pr\u00e1vn\u00edho klubu SSL do\u0161lo k\u00a0dohod\u011b o znovuzprovozn\u011bn\u00ed Pr\u00e1vn\u00ed poradny SSL. Prim\u00e1rn\u011b va\u0161i pot\u0159ebu pr\u00e1vn\u00ed rady uspokoj\u00ed &#8230; <\/p>\n<p class=\"read-more-container\"><a title=\"Poradna\" class=\"read-more button\" href=\"https:\/\/www.svazspedice.cz\/index.php\/poradna-2\/#more-1133\">\u010c\u00edst v\u00edce<span class=\"screen-reader-text\">Poradna<\/span><\/a><\/p>\n","protected":false},"author":5,"featured_media":0,"parent":0,"menu_order":0,"comment_status":"closed","ping_status":"closed","template":"","meta":[],"_links":{"self":[{"href":"https:\/\/www.svazspedice.cz\/index.php\/wp-json\/wp\/v2\/pages\/1133"}],"collection":[{"href":"https:\/\/www.svazspedice.cz\/index.php\/wp-json\/wp\/v2\/pages"}],"about":[{"href":"https:\/\/www.svazspedice.cz\/index.php\/wp-json\/wp\/v2\/types\/page"}],"author":[{"embeddable":true,"href":"https:\/\/www.svazspedice.cz\/index.php\/wp-json\/wp\/v2\/users\/5"}],"replies":[{"embeddable":true,"href":"https:\/\/www.svazspedice.cz\/index.php\/wp-json\/wp\/v2\/comments?post=1133"}],"version-history":[{"count":3,"href":"https:\/\/www.svazspedice.cz\/index.php\/wp-json\/wp\/v2\/pages\/1133\/revisions"}],"predecessor-version":[{"id":3333,"href":"https:\/\/www.svazspedice.cz\/index.php\/wp-json\/wp\/v2\/pages\/1133\/revisions\/3333"}],"wp:attachment":[{"href":"https:\/\/www.svazspedice.cz\/index.php\/wp-json\/wp\/v2\/media?parent=1133"}],"curies":[{"name":"wp","href":"https:\/\/api.w.org\/{rel}","templated":true}]}}