{"id":1077,"date":"2019-05-15T15:35:29","date_gmt":"2019-05-15T15:35:29","guid":{"rendered":"http:\/\/www.svazspedice.cz\/?page_id=1077"},"modified":"2020-01-28T12:04:23","modified_gmt":"2020-01-28T12:04:23","slug":"skladove-prostory","status":"publish","type":"page","link":"https:\/\/www.svazspedice.cz\/index.php\/skladove-prostory\/","title":{"rendered":"Skladov\u00e9 prostory"},"content":{"rendered":"\n<p><a href=\"http:\/\/www.svazspedice.cz\/wp-admin\/edit.php?post_type=page\"><br>Str\u00e1nky<\/a><\/p>\n\n\n<table border=\"0\" width=\"100%\" bgcolor=\"#f6f9fe\">\n<tbody>\n<tr valign=\"top\">\n<td width=\"50%\"><span style=\"color: #000080;\"><strong>Immix spol. s r.o.<\/strong><\/span><br \/>Otiskova 2823\/30, 628 00\u00a0 Brno<br \/><strong>Sklad v Brn\u011b Her\u0161pic\u00edch<\/strong> <br \/>Her\u0161pick\u00e1 800\/6, 602 000\u00a0 Brno<\/td>\n<td><b>tel: <\/b>+420 724 979 810<br \/><b>KO:<\/b> Miloslav Svoboda<br \/><b>email: <\/b><a href=\"mailto:svoboda@immix.cz\">svoboda@immix.cz<\/a>\n<p>\u00a0<\/p>\n<\/td>\n<\/tr>\n<tr>\n<td colspan=\"2\">\n<p><b>Vybaven\u00ed skladu: <\/b>temperovan\u00e1 hala, zat\u00ed\u017een\u00ed podlahy 1 500 kg\/m2, PCO, EPS, EZS, CCTV, vykl\u00e1dky, nakl\u00e1dky pod st\u0159echou, mo\u017enost p\u0159\u00edstupu 24\/7\/365, mo\u017enost vyu\u017eit\u00ed i jako celn\u00edho skladu.<br \/><strong>Mo\u017enosti skladov\u00e1n\u00ed<\/strong>: voln\u00e1 plocha i reg\u00e1lov\u00fd syst\u00e9m, skladov\u00e1n\u00ed FIFO, LIFO, manipulace, balen\u00ed, VAS slu\u017eby<br \/><strong>Kapacita:<\/strong> 2 100 m2<br \/><strong>Dopravn\u00ed spojen\u00ed<\/strong>: p\u0159\u00edm\u00fd n\u00e1jezd na D1, v bl\u00edzkosti k\u0159\u00ed\u017een\u00ed s D2<\/p>\n<\/td>\n<\/tr>\n<\/tbody>\n<\/table>\n<table border=\"0\" width=\"100%\" bgcolor=\"#f6f9fe\">\n<tbody>\n<tr valign=\"top\">\n<td width=\"50%\">\u00a0<\/td>\n<td>\u00a0<\/td>\n<\/tr>\n<tr>\n<td colspan=\"2\">\u00a0<\/td>\n<\/tr>\n<\/tbody>\n<\/table>\n<table border=\"0\" width=\"100%\" bgcolor=\"#f6f9fe\">\n<tbody>\n<tr valign=\"top\">\n<td width=\"50%\">\n<p><span style=\"color: #000080;\"><strong>Pelmi Logistic Services s.r.o.<\/strong><\/span><\/p>\n<p><strong>Mezi \u00davozy (are\u00e1l Technimat)<\/strong><br \/>Horn\u00ed Po\u010dernice, Praha 9<\/p>\n<\/td>\n<td><b>tel: <\/b>+420 725 552 573, 284 093 428<br \/><b>KO: <\/b>Martin Dolej\u0161<br \/><b>email:<\/b> <a href=\"mailto:dolejs@pelmi.cz\">dolejs@pelmi.cz<\/a>\n<p>\u00a0<\/p>\n<\/td>\n<\/tr>\n<tr>\n<td colspan=\"2\"><b>Kapacita:\u00a0 <\/b>6500 m2 &#8211; p\u0159\u00edzem\u00ed, temperovan\u00fd sklad, 8 ramp, komplexn\u00ed logistick\u00e9 a spedi\u010dn\u00ed slu\u017eby<br \/><strong>Dopravn\u00ed spojen\u00ed<\/strong>: v t\u011bsn\u00e9 bl\u00edzkosti Pra\u017esk\u00fd okruh a d\u00e1lnice R10 &#8211; exit 3 Radonice<\/td>\n<\/tr>\n<\/tbody>\n<\/table>\n<table border=\"0\" width=\"100%\" bgcolor=\"#f6f9fe\">\n<tbody>\n<tr valign=\"top\">\n<td width=\"50%\">\n<p><span style=\"color: #000080;\"><strong>TRANSFORWARDING \u010cesk\u00e9 Bud\u011bjovice<\/strong><\/span><br \/>K Uhl\u00ed\u0159e 42, \u010cesk\u00e9 Bud\u011bjovice<\/p>\n<p>\u00a0<\/p>\n<\/td>\n<td><b>tel: <\/b>+420 389 001 601,\u00a0 736 520 706<br \/><b>KO: <\/b>Dr\u00e1bek Stanislav<br \/><b>email:<\/b><\/td>\n<\/tr>\n<tr>\n<td colspan=\"2\">\n<p><strong>Ve \u017dl\u00edbku 2196, Praha 9 &#8211; Horn\u00ed Po\u010dernice<\/strong><br \/><strong>Kapacita:<\/strong> 2000 m2, sklad je provozov\u00e1n jako distibu\u010dn\u00ed sklad. <br \/><strong>Dopravn\u00ed spojen\u00ed:<\/strong> sjezd z d\u00e1lnice na Mladou Boleslav E65 &#8211; cca 500 m Horn\u00ed Po\u010dernice<\/p>\n<p><strong>T\u0159. 1.\u00a0 M\u00e1je, B\u0159eclav<\/strong><br \/><strong>Kapacita:<\/strong> 100 m2, sklad je provozov\u00e1n jako ve\u0159ejn\u00fd celn\u00ed sklad, celn\u00ed \u00fa\u0159ad (cca 100m) B\u0159eclav, poskytov\u00e1n\u00ed celn\u00edch su\u017eeb. <br \/><strong>Dopravn\u00ed spojen\u00ed:<\/strong> sjezd z d\u00e1lnice D2, cca 4 km B\u0159eclav<\/p>\n<p><strong>are\u00e1l I.Z.B. a.s., Bor u Tachova &#8211; Vyso\u010dany<\/strong><br \/><strong>Kapacita:<\/strong> 280 m2, sklad je provoov\u00e1n jako ve\u0159ejn\u00fd celn\u00ed sklad, celn\u00ed \u00fa\u0159ad v objektu are\u00e1lu, poskytov\u00e1n\u00ed celn\u00edch slu\u017eeb.<br \/><strong>Dopravn\u00ed spojen\u00ed:<\/strong> sjezd z d\u00e1lnice D5, cca 1 km Vyso\u010dany<\/p>\n<p><strong>Slu\u017eby:<\/strong> Dle pot\u0159eb z\u00e1kazn\u00edka, nasklad\u0148ov\u00e1n\u00ed dle \u00f3du z\u00e1kazn\u00edka, logistick\u00e9 slu\u017eby a\u017e s dod\u00e1n\u00edm k p\u0159\u00edjemci po \u010cR do 24 hodin po vyskladn\u011bn\u00ed. Stavy skladu m\u00e1 z\u00e1kazn\u00edk k nahl\u00e9dnut\u00ed p\u0159es sv\u016fj k\u00f3 na na\u0161ich webov\u00fdch str\u00e1nk\u00e1ch www.transforwarding.cz, p\u0159es kter\u00e9 je z\u00e1rove\u0148 mo\u017eno zadat p\u0159\u00edkaz k vyskladn\u011bn\u00ed<\/p>\n<\/td>\n<\/tr>\n<\/tbody>\n<\/table>\n<table border=\"0\" width=\"100%\" bgcolor=\"#f6f9fe\">\n<tbody>\n<tr valign=\"top\">\n<td width=\"50%\">\n<p><span style=\"color: #000080;\"><strong>RKL Opava, spol. s r.o.<\/strong><\/span><br \/>P\u0159eroveck\u00e1 304\/2A, Opava<br \/>Opava Such\u00e9 Lazce<\/p>\n<\/td>\n<td><b>tel: <\/b>+420 553 687 111<br \/><b>KO: <\/b><br \/><b>email: <\/b><a href=\"mailto:rkl@rkl.cz\">rkl@rkl.cz<\/a>\n<p>\u00a0<\/p>\n<\/td>\n<\/tr>\n<tr>\n<td colspan=\"2\">\n<p><b>Nov\u00e9 modern\u00ed logistick\u00e9 centrum, temperovan\u00fd sklad<br \/>Kapacita:\u00a0 <\/b>3 718 m2, 11 450 paletov\u00fdch lokac\u00ed, 7 ramp s vyrovn\u00e1vac\u00edmi m\u016fstky, 1 p\u0159\u00edm\u00fd vjezd, komplesn\u00ed logistick\u00e9 slu\u017eby <br \/><strong>Dopravn\u00ed spojen\u00ed<\/strong>: Opava &#8211; Ostrava, D\u00e1lnice D1<\/p>\n<\/td>\n<\/tr>\n<\/tbody>\n<\/table>\n<table border=\"0\" width=\"100%\" bgcolor=\"#f6f9fe\">\n<tbody>\n<tr valign=\"top\">\n<td width=\"50%\">\n<p><strong>\u00a0<\/strong><\/p>\n<\/td>\n<td><b>tel: <\/b>+420<br \/><b>KO: <\/b><br \/><b>email: <\/b>\n<p>\u00a0<\/p>\n<\/td>\n<\/tr>\n<tr>\n<td colspan=\"2\"><b>Kapacita:\u00a0 <\/b><br \/><strong>Dopravn\u00ed spojen\u00ed<\/strong>:<\/td>\n<\/tr>\n<\/tbody>\n<\/table>\n<table border=\"0\" width=\"100%\" bgcolor=\"#f6f9fe\">\n<tbody>\n<tr valign=\"top\">\n<td width=\"50%\">\n<p><strong>\u00a0<\/strong><\/p>\n<\/td>\n<td><b>tel: <\/b>+420<br \/><b>KO: <\/b><br \/><b>email: <\/b>\n<p>\u00a0<\/p>\n<\/td>\n<\/tr>\n<tr>\n<td colspan=\"2\"><b>Kapacita:\u00a0 <\/b><br \/><strong>Dopravn\u00ed spojen\u00ed<\/strong>:<\/td>\n<\/tr>\n<\/tbody>\n<\/table>","protected":false},"excerpt":{"rendered":"<p>Str\u00e1nky Immix spol. s r.o.Otiskova 2823\/30, 628 00\u00a0 BrnoSklad v Brn\u011b Her\u0161pic\u00edch Her\u0161pick\u00e1 800\/6, 602 000\u00a0 Brno tel: +420 724 979 810KO: Miloslav Svobodaemail: svoboda@immix.cz \u00a0 Vybaven\u00ed skladu: temperovan\u00e1 hala, zat\u00ed\u017een\u00ed podlahy 1 500 kg\/m2, &#8230; <\/p>\n<p class=\"read-more-container\"><a title=\"Skladov\u00e9 prostory\" class=\"read-more button\" href=\"https:\/\/www.svazspedice.cz\/index.php\/skladove-prostory\/#more-1077\">\u010c\u00edst v\u00edce<span class=\"screen-reader-text\">Skladov\u00e9 prostory<\/span><\/a><\/p>\n","protected":false},"author":5,"featured_media":0,"parent":0,"menu_order":0,"comment_status":"closed","ping_status":"closed","template":"","meta":[],"_links":{"self":[{"href":"https:\/\/www.svazspedice.cz\/index.php\/wp-json\/wp\/v2\/pages\/1077"}],"collection":[{"href":"https:\/\/www.svazspedice.cz\/index.php\/wp-json\/wp\/v2\/pages"}],"about":[{"href":"https:\/\/www.svazspedice.cz\/index.php\/wp-json\/wp\/v2\/types\/page"}],"author":[{"embeddable":true,"href":"https:\/\/www.svazspedice.cz\/index.php\/wp-json\/wp\/v2\/users\/5"}],"replies":[{"embeddable":true,"href":"https:\/\/www.svazspedice.cz\/index.php\/wp-json\/wp\/v2\/comments?post=1077"}],"version-history":[{"count":20,"href":"https:\/\/www.svazspedice.cz\/index.php\/wp-json\/wp\/v2\/pages\/1077\/revisions"}],"predecessor-version":[{"id":1486,"href":"https:\/\/www.svazspedice.cz\/index.php\/wp-json\/wp\/v2\/pages\/1077\/revisions\/1486"}],"wp:attachment":[{"href":"https:\/\/www.svazspedice.cz\/index.php\/wp-json\/wp\/v2\/media?parent=1077"}],"curies":[{"name":"wp","href":"https:\/\/api.w.org\/{rel}","templated":true}]}}